{"id":27133,"date":"2021-05-10T07:25:13","date_gmt":"2021-05-10T07:25:13","guid":{"rendered":"https:\/\/agenciaescortsbarcelona.com\/giessen\/"},"modified":"2025-08-19T14:02:42","modified_gmt":"2025-08-19T14:02:42","slug":"giessen","status":"publish","type":"page","link":"https:\/\/agenciaescortsbarcelona.com\/de\/giessen\/","title":{"rendered":"Casting"},"content":{"rendered":"<section class=\"l-section wpb_row height_medium full_height valign_center color_primary with_img parallax_ver\"><div class=\"l-section-img\" role=\"img\" aria-label=\"Escorts trans Barcelona\" data-img-width=\"1200\" data-img-height=\"821\" style=\"background-image: url(https:\/\/agenciaescortsbarcelona.com\/wp-content\/uploads\/2024\/12\/brothel-bcn.jpg);\"><\/div><div class=\"l-section-overlay\" style=\"background:rgba(0,0,0,0.45)\"><\/div><div class=\"l-section-h i-cf\"><div class=\"g-cols vc_row via_grid cols_1 laptops-cols_inherit tablets-cols_inherit mobiles-cols_1 valign_middle type_default stacking_default\"><div class=\"wpb_column vc_column_container us_animate_fade\" style=\"animation-delay:0.6s\"><div class=\"vc_column-inner\"><div class=\"wpb_text_column us_custom_d841e04e\"><div class=\"wpb_wrapper\"><h1 style=\"text-align: center;\"><strong>Escort-Casting<\/strong><\/h1>\n<\/div><\/div><\/div><\/div><\/div><\/div><\/section><section class=\"l-section wpb_row height_huge color_primary\"><div class=\"l-section-overlay\" style=\"background:linear-gradient(90deg,#333333,#1a1a1a)\"><\/div><div class=\"l-section-h i-cf\"><div class=\"g-cols vc_row via_grid cols_1 laptops-cols_inherit tablets-cols_inherit mobiles-cols_1 valign_middle type_default stacking_default\"><div class=\"wpb_column vc_column_container us_animate_fade\"><div class=\"vc_column-inner\"><div class=\"w-separator size_custom with_line width_default thick_2 style_solid color_border align_center\" style=\"height:50px\" id=\"n908\"><style><\/style><div class=\"w-separator-h\"><\/div><\/div><div class=\"w-separator size_custom\" style=\"height:50px\" id=\"ca2a\"><style><\/style><\/div><div class=\"g-cols wpb_row via_grid cols_2 laptops-cols_inherit tablets-cols_inherit mobiles-cols_1 valign_top type_default stacking_default\" style=\"--columns-gap:3rem;\"><div class=\"wpb_column vc_column_container\"><div class=\"vc_column-inner\"><div class=\"wpb_text_column\"><div class=\"wpb_wrapper\"><h3 style=\"text-align: center;\"><strong>Was suchen wir?<\/strong><\/h3>\n<p style=\"text-align: center;\">\u00b7 Vollj\u00e4hrige M\u00e4dchen<br \/>\n\u00b7 Gute k\u00f6rperliche Pr\u00e4senz<br \/>\n\u00b7 Angenehme Behandlung und soziale Kompetenz<br \/>\n\u00b7 Sprachen werden gesch\u00e4tzt<br \/>\n\u00b7 Lernbegierig<br \/>\n\u00b7 Pers\u00f6nliche Hygiene<\/p>\n<\/div><\/div><\/div><\/div><div class=\"wpb_column vc_column_container\"><div class=\"vc_column-inner\"><div class=\"wpb_text_column\"><div class=\"wpb_wrapper\"><h3 style=\"text-align: center;\"><strong>Was bieten wir an?<\/strong><\/h3>\n<p style=\"text-align: center;\">\u00b7 Gute Arbeitsbedingungen \u00b7<br \/>\n\u00b7 Ausbildung \u00b7<br \/>\n\u00b7 Hohes Einkommen \u00b7<br \/>\n\u00b7 Diskretion und Vertraulichkeit \u00b7<br \/>\n\u00b7 Hochrangige Kunden \u00b7<\/p>\n<\/div><\/div><\/div><\/div><\/div><div class=\"w-separator size_custom\" style=\"height:50px\" id=\"n5cc\"><style><\/style><\/div><div class=\"w-separator size_custom with_line width_default thick_2 style_solid color_border align_center\" style=\"height:50px\" id=\"r6e4\"><style><\/style><div class=\"w-separator-h\"><\/div><\/div><div class=\"wpb_text_column\"><div class=\"wpb_wrapper\"><h3 style=\"text-align: center;\"><strong>Reichen Sie Ihre Bewerbung ein, um Teil unseres Teams zu werden<\/strong><\/h3>\n<\/div><\/div><div class=\"w-separator size_custom\" style=\"height:50px\" id=\"b9a1\"><style><\/style><\/div><div class=\"g-cols wpb_row via_grid cols_1-4-1 laptops-cols_inherit tablets-cols_inherit mobiles-cols_1 valign_top type_default stacking_default\" style=\"--columns-gap:3rem;\"><div class=\"wpb_column vc_column_container\"><div class=\"vc_column-inner\"><\/div><\/div><div class=\"wpb_column vc_column_container\"><div class=\"vc_column-inner\"><form class=\"w-form  us-field-style_1 layout_ver show_message_after_sending for_cform us_form_1\" action=\"https:\/\/agenciaescortsbarcelona.com\/de\/wp-json\/wp\/v2\/pages\/27133\" method=\"post\" enctype=\"multipart\/form-data\"><div class=\"w-form-h\"><div class=\"w-form-row for_text required cols_2\">\r\n\t\t<div class=\"w-form-row-field\">\r\n\t\t\t\t\t\t<input aria-label=\"Name\" type=\"text\" name=\"us_form_1_text_1\" value placeholder=\"Name *\" data-required=\"true\" aria-required=\"true\"\/>\r\n\t\t\t<\/div>\r\n\t\t<div class=\"w-form-row-state\">Bitte f\u00fcllen Sie dieses Feld aus.<\/div>\r\n<\/div>\r\n<div class=\"w-form-row for_text required cols_2\">\r\n\t\t<div class=\"w-form-row-field\">\r\n\t\t\t\t\t\t<input aria-label=\"Alter\" type=\"text\" name=\"us_form_1_text_2\" value placeholder=\"Alter *\" data-required=\"true\" aria-required=\"true\"\/>\r\n\t\t\t<\/div>\r\n\t\t<div class=\"w-form-row-state\">Bitte f\u00fcllen Sie dieses Feld aus.<\/div>\r\n<\/div>\r\n<div class=\"w-form-row for_text required\">\r\n\t\t<div class=\"w-form-row-field\">\r\n\t\t\t\t\t\t<input aria-label=\"Nationalit\u00e4t\" type=\"text\" name=\"us_form_1_text_3\" value placeholder=\"Nationalit\u00e4t *\" data-required=\"true\" aria-required=\"true\"\/>\r\n\t\t\t<\/div>\r\n\t\t<div class=\"w-form-row-state\">Bitte f\u00fcllen Sie dieses Feld aus.<\/div>\r\n<\/div>\r\n<div class=\"w-form-row for_text required cols_2\">\r\n\t\t<div class=\"w-form-row-field\">\r\n\t\t\t\t\t\t<input aria-label=\"Telefon\" inputmode=\"tel\" type=\"text\" name=\"us_form_1_text_4\" value placeholder=\"Telefon *\" data-required=\"true\" aria-required=\"true\"\/>\r\n\t\t\t<\/div>\r\n\t\t<div class=\"w-form-row-state\">Bitte f\u00fcllen Sie dieses Feld aus.<\/div>\r\n<\/div>\r\n<div class=\"w-form-row for_email required cols_2\">\r\n\t\t<div class=\"w-form-row-field\">\r\n\t\t\t\t\t\t<input aria-label=\"E-Mail Adresse\" type=\"email\" name=\"us_form_1_email_1\" value placeholder=\"E-Mail Adresse *\" data-required=\"true\" aria-required=\"true\"\/>\r\n\t\t\t<\/div>\r\n\t\t<div class=\"w-form-row-state\">Bitte gib eine g\u00fcltige E-Mail-Adresse ein.<\/div>\r\n<\/div>\r\n<div class=\"w-form-row for_info\">\r\n\t<p>Gesichtsfoto<\/p>\r\n<\/div>\r\n<div class=\"w-form-row for_file required\">\r\n\t\t<div class=\"w-form-row-field\">\r\n\t\t\t\t\t\t<input aria-label=\"us_form_1_file_1\" type=\"file\" name=\"us_form_1_file_1\" accept=\".pdf,.jpg,.jpeg,.png\" data-std=\"10MB\" data-max_size=\"10\" data-required=\"true\" aria-required=\"true\"\/>\r\n\t\t\t<\/div>\r\n\t\t<div class=\"w-form-row-state\">Bitte f\u00fcllen Sie dieses Feld aus.<\/div>\r\n<\/div>\r\n<div class=\"w-form-row for_info\">\r\n\t<p>K\u00f6rperfotos<\/p>\r\n<\/div>\r\n<div class=\"w-form-row for_file required cols_2\">\r\n\t\t<div class=\"w-form-row-field\">\r\n\t\t\t\t\t\t<input aria-label=\"us_form_1_file_2\" type=\"file\" name=\"us_form_1_file_2\" accept=\".pdf,.jpg,.jpeg,.png\" data-std=\"10MB\" data-max_size=\"10\" data-required=\"true\" aria-required=\"true\"\/>\r\n\t\t\t<\/div>\r\n\t\t<div class=\"w-form-row-state\">Bitte f\u00fcllen Sie dieses Feld aus.<\/div>\r\n<\/div>\r\n<div class=\"w-form-row for_file required cols_2\">\r\n\t\t<div class=\"w-form-row-field\">\r\n\t\t\t\t\t\t<input aria-label=\"us_form_1_file_3\" type=\"file\" name=\"us_form_1_file_3\" accept=\".pdf,.jpg,.jpeg,.png\" data-std=\"10MB\" data-max_size=\"10\" data-required=\"true\" aria-required=\"true\"\/>\r\n\t\t\t<\/div>\r\n\t\t<div class=\"w-form-row-state\">Bitte f\u00fcllen Sie dieses Feld aus.<\/div>\r\n<\/div>\r\n<div class=\"w-form-row for_file required cols_2\">\r\n\t\t<div class=\"w-form-row-field\">\r\n\t\t\t\t\t\t<input aria-label=\"us_form_1_file_4\" type=\"file\" name=\"us_form_1_file_4\" accept=\".pdf,.jpg,.jpeg,.png\" data-std=\"10MB\" data-max_size=\"10\" data-required=\"true\" aria-required=\"true\"\/>\r\n\t\t\t<\/div>\r\n\t\t<div class=\"w-form-row-state\">Bitte f\u00fcllen Sie dieses Feld aus.<\/div>\r\n<\/div>\r\n<div class=\"w-form-row for_file required cols_2\">\r\n\t\t<div class=\"w-form-row-field\">\r\n\t\t\t\t\t\t<input aria-label=\"us_form_1_file_5\" type=\"file\" name=\"us_form_1_file_5\" accept=\".pdf,.jpg,.jpeg,.png\" data-std=\"10MB\" data-max_size=\"10\" data-required=\"true\" aria-required=\"true\"\/>\r\n\t\t\t<\/div>\r\n\t\t<div class=\"w-form-row-state\">Bitte f\u00fcllen Sie dieses Feld aus.<\/div>\r\n<\/div>\r\n<div class=\"w-form-row for_textarea required\">\r\n\t\t<div class=\"w-form-row-field\">\r\n\t\t\t\t\t\t<textarea aria-label=\"Erz\u00e4hlen Sie uns etwas \u00fcber sich\" name=\"us_form_1_textarea_1\" placeholder=\"Erz\u00e4hlen Sie uns etwas \u00fcber sich *\" data-required=\"true\" aria-required=\"true\"><\/textarea>\r\n\t\t\t<\/div>\r\n\t\t<div class=\"w-form-row-state\">Bitte f\u00fcllen Sie dieses Feld aus.<\/div>\r\n<\/div>\r\n<div class=\"w-form-row for_captcha required\">\r\n\t<div class=\"w-form-row-label\">\r\n\t\t<span> <span>29 - 3 = ?<\/span><\/span>\r\n\t<\/div>\r\n\t<div class=\"w-form-row-field\">\r\n\t\t\t\t<input type=\"hidden\" name=\"us_form_1_captcha_1_hash\" value=\"ad12ecca393aa019e2d4e8aab8ec71b6\" \/>\r\n\t\t\t\t<input aria-label=\"us_form_1_captcha_1\" type=\"text\" name=\"us_form_1_captcha_1\" placeholder data-required=\"true\" aria-required=\"true\"\/>\r\n\t\t\t<\/div>\r\n\t\t<div class=\"w-form-row-state\">Bitte geben Sie das Ergebnis ein, um fortzufahren<\/div>\r\n<\/div>\r\n<div class=\"w-form-row for_agreement required\">\r\n\t\t<div class=\"w-form-row-field\">\r\n\t\t\t\t<label>\r\n\t\t\t<input type=\"checkbox\" value=\"1\" data-required=\"true\" aria-required=\"true\" name=\"us_form_1_agreement_1\"\/>\r\n\t\t\t<span>Ich bin mit der Datenschutzerkl\u00e4rung einverstanden<\/strong><\/a> und das <strong>Impressum<\/strong><\/a> dieser Website.<\/span>\r\n\t\t<\/label>\r\n\t\t\t<\/div>\r\n\t\t<div class=\"w-form-row-state\">Sie m\u00fcssen den Bedingungen zustimmen, um fortzufahren.<\/div>\r\n<\/div>\r\n<input type=\"hidden\" name=\"action\" value=\"us_ajax_cform\" \/>\r\n<input type=\"hidden\" name=\"post_id\" value=\"0\" \/>\r\n<input type=\"hidden\" name=\"form_index\" value=\"1\" \/>\r\n<div class=\"w-form-row for_submit align_none\">\r\n\t<button class=\"w-btn  us-btn-style_1\" aria-label=\"Absenden\" type=\"submit\">\r\n\t\t<span class=\"g-preloader type_1\"><\/span>\r\n\t\t\t\t<span class=\"w-btn-label\">Absenden<\/span>\r\n\t\t\t<\/button>\r\n\t<\/div>\r\n<\/div><div class=\"w-form-message\"><\/div><div class=\"w-form-json hidden\" onclick='return {&quot;ajaxurl&quot;:&quot;https:\\\/\\\/agenciaescortsbarcelona.com\\\/wp-admin\\\/admin-ajax.php&quot;,&quot;messages&quot;:{&quot;err_empty&quot;:&quot;Bitte f\\u00fcllen Sie dieses Feld aus.&quot;,&quot;err_size&quot;:&quot;Die Dateigr\\u00f6\\u00dfe darf %s MB nicht \\u00fcberschreiten&quot;,&quot;err_extension&quot;:&quot;Dateityp %s ist nicht zul\\u00e4ssig&quot;,&quot;err_recaptcha_keys&quot;:&quot;reCAPTCHA-Schl\\u00fcssel sind fehlerhaft&quot;}}'><\/div><\/form><\/div><\/div><div class=\"wpb_column vc_column_container\"><div class=\"vc_column-inner\"><\/div><\/div><\/div><\/div><\/div><\/div><\/div><\/section>\n","protected":false},"excerpt":{"rendered":"Escort-Casting Was suchen wir? \u00b7 Vollj\u00e4hrige M\u00e4dchen \u00b7 Gute k\u00f6rperliche Pr\u00e4senz \u00b7 Angenehme Behandlung und soziale Kompetenz \u00b7 Sprachen werden gesch\u00e4tzt \u00b7 Lernbegierig \u00b7 Pers\u00f6nliche Hygiene Was bieten wir an? \u00b7 Gute Arbeitsbedingungen \u00b7 \u00b7 Ausbildung \u00b7 \u00b7 Hohes Einkommen \u00b7 \u00b7 Diskretion und Vertraulichkeit \u00b7 \u00b7 Hochrangige Kunden \u00b7 Reichen Sie Ihre Bewerbung ein,&hellip; <a class=\"continue\" href=\"https:\/\/agenciaescortsbarcelona.com\/de\/giessen\/\">Continue Reading<span> Casting<\/span><\/a>","protected":false},"author":2,"featured_media":18879,"parent":0,"menu_order":0,"comment_status":"closed","ping_status":"closed","template":"","meta":{"footnotes":""},"class_list":["post-27133","page","type-page","status-publish","has-post-thumbnail","hentry"],"yoast_head":"<!-- This site is optimized with the Yoast SEO plugin v27.5 - https:\/\/yoast.com\/product\/yoast-seo-wordpress\/ -->\n<title>M\u00f6chten Sie als Escort Girl arbeiten? Schreiben Sie uns<\/title>\n<meta name=\"description\" content=\"Wenn Sie als Escort arbeiten m\u00f6chten, z\u00f6gern Sie nicht und melden Sie sich f\u00fcr unser Casting an. Wir werden auf dich warten!! Schreiben Sie an unsere E-Mail.\" \/>\n<meta name=\"robots\" content=\"index, follow, max-snippet:-1, max-image-preview:large, max-video-preview:-1\" \/>\n<link rel=\"canonical\" href=\"https:\/\/agenciaescortsbarcelona.com\/de\/giessen\/\" \/>\n<meta property=\"og:locale\" content=\"de_DE\" \/>\n<meta property=\"og:type\" content=\"article\" \/>\n<meta property=\"og:title\" content=\"M\u00f6chten Sie als Escort Girl arbeiten? Schreiben Sie uns\" \/>\n<meta property=\"og:description\" content=\"Wenn Sie als Escort arbeiten m\u00f6chten, z\u00f6gern Sie nicht und melden Sie sich f\u00fcr unser Casting an. Wir werden auf dich warten!! Schreiben Sie an unsere E-Mail.\" \/>\n<meta property=\"og:url\" content=\"https:\/\/agenciaescortsbarcelona.com\/de\/giessen\/\" \/>\n<meta property=\"og:site_name\" content=\"Agencia Escorts Barcelona\" \/>\n<meta property=\"article:modified_time\" content=\"2025-08-19T14:02:42+00:00\" \/>\n<meta property=\"og:image\" content=\"https:\/\/agenciaescortsbarcelona.com\/wp-content\/uploads\/2021\/05\/FEN18.jpg\" \/>\n\t<meta property=\"og:image:width\" content=\"1200\" \/>\n\t<meta property=\"og:image:height\" content=\"801\" \/>\n\t<meta property=\"og:image:type\" content=\"image\/jpeg\" \/>\n<meta name=\"twitter:card\" content=\"summary_large_image\" \/>\n<meta name=\"twitter:label1\" content=\"Gesch\u00e4tzte Lesezeit\" \/>\n\t<meta name=\"twitter:data1\" content=\"1\u00a0Minute\" \/>\n<script type=\"application\/ld+json\" class=\"yoast-schema-graph\">{\"@context\":\"https:\\\/\\\/schema.org\",\"@graph\":[{\"@type\":\"WebPage\",\"@id\":\"https:\\\/\\\/agenciaescortsbarcelona.com\\\/de\\\/giessen\\\/\",\"url\":\"https:\\\/\\\/agenciaescortsbarcelona.com\\\/de\\\/giessen\\\/\",\"name\":\"M\u00f6chten Sie als Escort Girl arbeiten? Schreiben Sie uns\",\"isPartOf\":{\"@id\":\"https:\\\/\\\/agenciaescortsbarcelona.com\\\/de\\\/#website\"},\"primaryImageOfPage\":{\"@id\":\"https:\\\/\\\/agenciaescortsbarcelona.com\\\/de\\\/giessen\\\/#primaryimage\"},\"image\":{\"@id\":\"https:\\\/\\\/agenciaescortsbarcelona.com\\\/de\\\/giessen\\\/#primaryimage\"},\"thumbnailUrl\":\"https:\\\/\\\/agenciaescortsbarcelona.com\\\/wp-content\\\/uploads\\\/2021\\\/05\\\/FEN18.jpg\",\"datePublished\":\"2021-05-10T07:25:13+00:00\",\"dateModified\":\"2025-08-19T14:02:42+00:00\",\"description\":\"Wenn Sie als Escort arbeiten m\u00f6chten, z\u00f6gern Sie nicht und melden Sie sich f\u00fcr unser Casting an. Wir werden auf dich warten!! Schreiben Sie an unsere E-Mail.\",\"breadcrumb\":{\"@id\":\"https:\\\/\\\/agenciaescortsbarcelona.com\\\/de\\\/giessen\\\/#breadcrumb\"},\"inLanguage\":\"de\",\"potentialAction\":[{\"@type\":\"ReadAction\",\"target\":[\"https:\\\/\\\/agenciaescortsbarcelona.com\\\/de\\\/giessen\\\/\"]}]},{\"@type\":\"ImageObject\",\"inLanguage\":\"de\",\"@id\":\"https:\\\/\\\/agenciaescortsbarcelona.com\\\/de\\\/giessen\\\/#primaryimage\",\"url\":\"https:\\\/\\\/agenciaescortsbarcelona.com\\\/wp-content\\\/uploads\\\/2021\\\/05\\\/FEN18.jpg\",\"contentUrl\":\"https:\\\/\\\/agenciaescortsbarcelona.com\\\/wp-content\\\/uploads\\\/2021\\\/05\\\/FEN18.jpg\",\"width\":1200,\"height\":801},{\"@type\":\"BreadcrumbList\",\"@id\":\"https:\\\/\\\/agenciaescortsbarcelona.com\\\/de\\\/giessen\\\/#breadcrumb\",\"itemListElement\":[{\"@type\":\"ListItem\",\"position\":1,\"name\":\"Inicio\",\"item\":\"https:\\\/\\\/agenciaescortsbarcelona.com\\\/de\\\/\"},{\"@type\":\"ListItem\",\"position\":2,\"name\":\"Casting\"}]},{\"@type\":\"WebSite\",\"@id\":\"https:\\\/\\\/agenciaescortsbarcelona.com\\\/de\\\/#website\",\"url\":\"https:\\\/\\\/agenciaescortsbarcelona.com\\\/de\\\/\",\"name\":\"Agencia Escorts Barcelona\",\"description\":\"Escorts de lujo Barcelona\",\"publisher\":{\"@id\":\"https:\\\/\\\/agenciaescortsbarcelona.com\\\/de\\\/#organization\"},\"alternateName\":\"Escorts Barcelona\",\"potentialAction\":[{\"@type\":\"SearchAction\",\"target\":{\"@type\":\"EntryPoint\",\"urlTemplate\":\"https:\\\/\\\/agenciaescortsbarcelona.com\\\/de\\\/?s={search_term_string}\"},\"query-input\":{\"@type\":\"PropertyValueSpecification\",\"valueRequired\":true,\"valueName\":\"search_term_string\"}}],\"inLanguage\":\"de\"},{\"@type\":\"Organization\",\"@id\":\"https:\\\/\\\/agenciaescortsbarcelona.com\\\/de\\\/#organization\",\"name\":\"Agencia Escorts Barcelona\",\"alternateName\":\"AgenciaEscortsBarcelona.com\",\"url\":\"https:\\\/\\\/agenciaescortsbarcelona.com\\\/de\\\/\",\"logo\":{\"@type\":\"ImageObject\",\"inLanguage\":\"de\",\"@id\":\"https:\\\/\\\/agenciaescortsbarcelona.com\\\/de\\\/#\\\/schema\\\/logo\\\/image\\\/\",\"url\":\"https:\\\/\\\/agenciaescortsbarcelona.com\\\/wp-content\\\/uploads\\\/2023\\\/11\\\/Logotipo-AEB.png\",\"contentUrl\":\"https:\\\/\\\/agenciaescortsbarcelona.com\\\/wp-content\\\/uploads\\\/2023\\\/11\\\/Logotipo-AEB.png\",\"width\":758,\"height\":758,\"caption\":\"Agencia Escorts Barcelona\"},\"image\":{\"@id\":\"https:\\\/\\\/agenciaescortsbarcelona.com\\\/de\\\/#\\\/schema\\\/logo\\\/image\\\/\"}}]}<\/script>\n<!-- \/ Yoast SEO plugin. -->","yoast_head_json":{"title":"M\u00f6chten Sie als Escort Girl arbeiten? Schreiben Sie uns","description":"Wenn Sie als Escort arbeiten m\u00f6chten, z\u00f6gern Sie nicht und melden Sie sich f\u00fcr unser Casting an. Wir werden auf dich warten!! Schreiben Sie an unsere E-Mail.","robots":{"index":"index","follow":"follow","max-snippet":"max-snippet:-1","max-image-preview":"max-image-preview:large","max-video-preview":"max-video-preview:-1"},"canonical":"https:\/\/agenciaescortsbarcelona.com\/de\/giessen\/","og_locale":"de_DE","og_type":"article","og_title":"M\u00f6chten Sie als Escort Girl arbeiten? Schreiben Sie uns","og_description":"Wenn Sie als Escort arbeiten m\u00f6chten, z\u00f6gern Sie nicht und melden Sie sich f\u00fcr unser Casting an. Wir werden auf dich warten!! Schreiben Sie an unsere E-Mail.","og_url":"https:\/\/agenciaescortsbarcelona.com\/de\/giessen\/","og_site_name":"Agencia Escorts Barcelona","article_modified_time":"2025-08-19T14:02:42+00:00","og_image":[{"width":1200,"height":801,"url":"https:\/\/agenciaescortsbarcelona.com\/wp-content\/uploads\/2021\/05\/FEN18.jpg","type":"image\/jpeg"}],"twitter_card":"summary_large_image","twitter_misc":{"Gesch\u00e4tzte Lesezeit":"1\u00a0Minute"},"schema":{"@context":"https:\/\/schema.org","@graph":[{"@type":"WebPage","@id":"https:\/\/agenciaescortsbarcelona.com\/de\/giessen\/","url":"https:\/\/agenciaescortsbarcelona.com\/de\/giessen\/","name":"M\u00f6chten Sie als Escort Girl arbeiten? Schreiben Sie uns","isPartOf":{"@id":"https:\/\/agenciaescortsbarcelona.com\/de\/#website"},"primaryImageOfPage":{"@id":"https:\/\/agenciaescortsbarcelona.com\/de\/giessen\/#primaryimage"},"image":{"@id":"https:\/\/agenciaescortsbarcelona.com\/de\/giessen\/#primaryimage"},"thumbnailUrl":"https:\/\/agenciaescortsbarcelona.com\/wp-content\/uploads\/2021\/05\/FEN18.jpg","datePublished":"2021-05-10T07:25:13+00:00","dateModified":"2025-08-19T14:02:42+00:00","description":"Wenn Sie als Escort arbeiten m\u00f6chten, z\u00f6gern Sie nicht und melden Sie sich f\u00fcr unser Casting an. Wir werden auf dich warten!! Schreiben Sie an unsere E-Mail.","breadcrumb":{"@id":"https:\/\/agenciaescortsbarcelona.com\/de\/giessen\/#breadcrumb"},"inLanguage":"de","potentialAction":[{"@type":"ReadAction","target":["https:\/\/agenciaescortsbarcelona.com\/de\/giessen\/"]}]},{"@type":"ImageObject","inLanguage":"de","@id":"https:\/\/agenciaescortsbarcelona.com\/de\/giessen\/#primaryimage","url":"https:\/\/agenciaescortsbarcelona.com\/wp-content\/uploads\/2021\/05\/FEN18.jpg","contentUrl":"https:\/\/agenciaescortsbarcelona.com\/wp-content\/uploads\/2021\/05\/FEN18.jpg","width":1200,"height":801},{"@type":"BreadcrumbList","@id":"https:\/\/agenciaescortsbarcelona.com\/de\/giessen\/#breadcrumb","itemListElement":[{"@type":"ListItem","position":1,"name":"Inicio","item":"https:\/\/agenciaescortsbarcelona.com\/de\/"},{"@type":"ListItem","position":2,"name":"Casting"}]},{"@type":"WebSite","@id":"https:\/\/agenciaescortsbarcelona.com\/de\/#website","url":"https:\/\/agenciaescortsbarcelona.com\/de\/","name":"Agencia Escorts Barcelona","description":"Escorts de lujo Barcelona","publisher":{"@id":"https:\/\/agenciaescortsbarcelona.com\/de\/#organization"},"alternateName":"Escorts Barcelona","potentialAction":[{"@type":"SearchAction","target":{"@type":"EntryPoint","urlTemplate":"https:\/\/agenciaescortsbarcelona.com\/de\/?s={search_term_string}"},"query-input":{"@type":"PropertyValueSpecification","valueRequired":true,"valueName":"search_term_string"}}],"inLanguage":"de"},{"@type":"Organization","@id":"https:\/\/agenciaescortsbarcelona.com\/de\/#organization","name":"Agencia Escorts Barcelona","alternateName":"AgenciaEscortsBarcelona.com","url":"https:\/\/agenciaescortsbarcelona.com\/de\/","logo":{"@type":"ImageObject","inLanguage":"de","@id":"https:\/\/agenciaescortsbarcelona.com\/de\/#\/schema\/logo\/image\/","url":"https:\/\/agenciaescortsbarcelona.com\/wp-content\/uploads\/2023\/11\/Logotipo-AEB.png","contentUrl":"https:\/\/agenciaescortsbarcelona.com\/wp-content\/uploads\/2023\/11\/Logotipo-AEB.png","width":758,"height":758,"caption":"Agencia Escorts Barcelona"},"image":{"@id":"https:\/\/agenciaescortsbarcelona.com\/de\/#\/schema\/logo\/image\/"}}]}},"_links":{"self":[{"href":"https:\/\/agenciaescortsbarcelona.com\/de\/wp-json\/wp\/v2\/pages\/27133","targetHints":{"allow":["GET"]}}],"collection":[{"href":"https:\/\/agenciaescortsbarcelona.com\/de\/wp-json\/wp\/v2\/pages"}],"about":[{"href":"https:\/\/agenciaescortsbarcelona.com\/de\/wp-json\/wp\/v2\/types\/page"}],"author":[{"embeddable":true,"href":"https:\/\/agenciaescortsbarcelona.com\/de\/wp-json\/wp\/v2\/users\/2"}],"replies":[{"embeddable":true,"href":"https:\/\/agenciaescortsbarcelona.com\/de\/wp-json\/wp\/v2\/comments?post=27133"}],"version-history":[{"count":2,"href":"https:\/\/agenciaescortsbarcelona.com\/de\/wp-json\/wp\/v2\/pages\/27133\/revisions"}],"predecessor-version":[{"id":41683,"href":"https:\/\/agenciaescortsbarcelona.com\/de\/wp-json\/wp\/v2\/pages\/27133\/revisions\/41683"}],"wp:featuredmedia":[{"embeddable":true,"href":"https:\/\/agenciaescortsbarcelona.com\/de\/wp-json\/wp\/v2\/media\/18879"}],"wp:attachment":[{"href":"https:\/\/agenciaescortsbarcelona.com\/de\/wp-json\/wp\/v2\/media?parent=27133"}],"curies":[{"name":"wp","href":"https:\/\/api.w.org\/{rel}","templated":true}]}}