{"id":40866,"date":"2024-12-27T18:21:20","date_gmt":"2024-12-27T18:21:20","guid":{"rendered":"https:\/\/agenciaescortsbarcelona.com\/escorts-zu-hause-in-barcelona\/"},"modified":"2026-03-11T14:05:06","modified_gmt":"2026-03-11T14:05:06","slug":"escorts-zu-hause-in-barcelona","status":"publish","type":"page","link":"https:\/\/agenciaescortsbarcelona.com\/de\/escorts-zu-hause-in-barcelona\/","title":{"rendered":"Escorts zu Hause in Barcelona"},"content":{"rendered":"<section class=\"l-section wpb_row height_medium color_primary with_img parallax_ver\"><div class=\"l-section-img\" role=\"img\" aria-label=\"Escorts Barcelona\" data-img-width=\"1200\" data-img-height=\"821\" style=\"background-image: url(https:\/\/agenciaescortsbarcelona.com\/wp-content\/uploads\/2024\/12\/brothel-in-bcn.jpg);background-position: top center;\"><\/div><div class=\"l-section-overlay\" style=\"background:rgba(26,26,26,0.75)\"><\/div><div class=\"l-section-h i-cf\"><div class=\"g-cols vc_row via_grid cols_1 laptops-cols_inherit tablets-cols_inherit mobiles-cols_1 valign_top type_default stacking_default\"><div class=\"wpb_column vc_column_container us_custom_a518f36e us_animate_this\"><div class=\"vc_column-inner\"><div class=\"wpb_text_column\"><div class=\"wpb_wrapper\"><h1 style=\"color: #c6a04f; text-align: center;\"><strong>Escorts zu Hause in Barcelona<\/strong><\/h1>\n<p style=\"text-align: center;\">Wir von unserer Agentur verstehen, dass Sie manchmal die perfekte Begleitung in Ihren eigenen vier W\u00e4nden genie\u00dfen m\u00f6chten. Deshalb bieten wir Ihnen einen exklusiven <strong>Hausbesuchsservice in Barcelona<\/strong> an \u2013 f\u00fcr alle, die Wert auf Diskretion, Komfort und die elegante Behandlung durch unsere Begleiterinnen legen. Jedes Treffen wird absolut diskret arrangiert und garantiert Ihnen ein einzigartiges und individuelles Erlebnis.  <\/p>\n<p style=\"text-align: center;\">Alle unsere <strong>Escort-Damen<\/strong> sind elegant, h\u00f6flich und nat\u00fcrlich. Wir k\u00fcmmern uns um jedes Detail, um Ihnen ein intimes und entspanntes Treffen ohne Druck oder K\u00fcnstlichkeit zu erm\u00f6glichen. Sie k\u00f6nnen sie in Ihrem Zuhause, Hotel oder Ihrer privaten Wohnung empfangen und sich dabei auf die Sicherheit verlassen, die Ihnen eine professionelle, diskrete und zuverl\u00e4ssige Agentur bietet.  <\/p>\n<\/div><\/div><div class=\"w-separator size_custom\" style=\"height:50px\" id=\"yaa0\"><style><\/style><\/div><div class=\"w-btn-wrapper align_center\"><a class=\"w-btn us-btn-style_1\" target=\"_blank\" rel=\"nofollow\" href=\"#1\"><span class=\"w-btn-label\">Entdecken Sie uns<\/span><\/a><\/div><\/div><\/div><\/div><\/div><\/section><section class=\"l-section wpb_row height_large color_primary\" id=\"1\"><div class=\"l-section-overlay\" style=\"background:linear-gradient(90deg,#333333,#1a1a1a)\"><\/div><div class=\"l-section-h i-cf\"><div class=\"g-cols vc_row via_grid cols_1 laptops-cols_inherit tablets-cols_inherit mobiles-cols_1 valign_top type_default stacking_default\"><div class=\"wpb_column vc_column_container us_custom_a518f36e us_animate_this\"><div class=\"vc_column-inner\"><div class=\"w-grid type_grid layout_361 hidden cols_3 ratio_3x4\" id=\"us_grid_1\" style=\"--columns:3;--gap:0.5rem;--item-ratio:1.33333;\" data-filterable=\"true\"><style>@media (max-width:1024px){#us_grid_1{--columns:2!important}}@media (max-width:600px){#us_grid_1{--columns:1!important}}.layout_361 .w-grid-item-h{background:#333}.layout_361 .usg_post_image_1{transition-duration:0.35s;transform-origin:50% 50%;transform:scale(1) translate(0%,0%)}.layout_361 .w-grid-item-h:focus-within .usg_post_image_1,.layout_361 .w-grid-item-h:hover .usg_post_image_1{transform:scale(1.1) translate(0%,0%);opacity:0.1}.layout_361 .usg_post_image_1{position:absolute!important;left:0!important;top:0!important;bottom:0!important;right:0!important}.layout_361 .usg_vwrapper_1{position:absolute!important;right:0!important;bottom:0!important;left:0!important;background:linear-gradient(transparent,rgba(30,30,30,0.8))!important;padding:4rem 2rem 1.5rem 2rem!important}.layout_361 .usg_post_title_1{color:#fff!important;font-size:1.2rem!important}<\/style><div class=\"w-grid-list\"><\/div><div class=\"w-grid-preloader\">\t<div class=\"g-preloader type_1\">\r\n\t\t<div><\/div>\r\n\t<\/div>\r\n\t<\/div>\t<div class=\"w-grid-json hidden\" onclick='return {&quot;action&quot;:&quot;us_ajax_grid&quot;,&quot;infinite_scroll&quot;:0,&quot;max_num_pages&quot;:0,&quot;pagination&quot;:&quot;none&quot;,&quot;template_vars&quot;:{&quot;columns&quot;:&quot;3&quot;,&quot;exclude_items&quot;:&quot;none&quot;,&quot;img_size&quot;:&quot;default&quot;,&quot;ignore_items_size&quot;:0,&quot;items_layout&quot;:&quot;361&quot;,&quot;items_offset&quot;:&quot;1&quot;,&quot;load_animation&quot;:&quot;none&quot;,&quot;overriding_link&quot;:&quot;%7B%22type%22%3A%22post%22%7D&quot;,&quot;post_id&quot;:0,&quot;query_args&quot;:{&quot;post_type&quot;:[&quot;us_portfolio&quot;],&quot;tax_query&quot;:[{&quot;taxonomy&quot;:&quot;us_portfolio_category&quot;,&quot;field&quot;:&quot;slug&quot;,&quot;terms&quot;:[&quot;M\\u00e4dchen&quot;]}],&quot;post_status&quot;:[&quot;publish&quot;],&quot;posts_per_page&quot;:&quot;1000&quot;},&quot;orderby_query_args&quot;:{&quot;orderby&quot;:&quot;RAND(476872416)&quot;},&quot;type&quot;:&quot;grid&quot;,&quot;us_grid_post_type&quot;:&quot;us_portfolio&quot;,&quot;us_grid_ajax_index&quot;:1,&quot;us_grid_filter_query_string&quot;:null,&quot;us_grid_index&quot;:1,&quot;page_args&quot;:[],&quot;lang&quot;:&quot;de&quot;}}'><\/div>\r\n\t<\/div><div class=\"w-grid-none type_message\">Es wurden keine Ergebnisse gefunden.<\/div><div class=\"w-separator size_custom\" style=\"height:50px\" id=\"e6fa\"><style><\/style><\/div><div class=\"wpb_text_column\"><div class=\"wpb_wrapper\"><h2 style=\"color: #c6a04f;\"><strong>Escortservice zu Hause in Barcelona<\/strong><\/h2>\n<p>Unser <strong>Escortservice in Barcelona<\/strong> erm\u00f6glicht Ihnen ein individuelles Date an Ihrem Wunschort. Von einer entspannenden Massage bis hin zu einem romantischen Dinner \u2013 jede Begegnung wird ganz nach Ihren Vorlieben und Ihrem Tempo gestaltet. Unsere Escorts bieten Ihnen erstklassigen Service, absolute Diskretion und eine Atmosph\u00e4re von Intimit\u00e4t und Eleganz.  <\/p>\n<p>Der Ablauf ist ganz einfach: W\u00e4hlen Sie das Profil, das Ihnen am meisten zusagt, teilen Sie uns Ihren Standort und Ihre Verf\u00fcgbarkeit mit, und wir k\u00fcmmern uns um den Rest. Unsere <a title=\"Studentische Escortdienste in Barcelona\" href=\"https:\/\/agenciaescortsbarcelona.com\/de\/universitats-escorts\/\">Studentinnen-Escorts<\/a> oder High-Class-Begleiterinnen kommen p\u00fcnktlich und diskret zu Ihnen nach Hause.<\/p>\n<\/div><\/div><\/div><\/div><\/div><\/div><\/section><section class=\"l-section wpb_row height_auto width_full\"><div class=\"l-section-h i-cf\"><div class=\"g-cols vc_row via_grid cols_2-1 laptops-cols_3-2 tablets-cols_2 mobiles-cols_1 valign_middle type_default reversed\" style=\"--columns-gap:0rem;\"><div class=\"wpb_column vc_column_container us_custom_d5ae0e7b has_bg_color\"><div class=\"vc_column-inner\"><\/div><\/div><div class=\"wpb_column vc_column_container us_custom_14191e41\"><div class=\"vc_column-inner\"><div class=\"wpb_text_column\"><div class=\"wpb_wrapper\"><h3 style=\"color: #c6a04f;\"><strong>Escort Girls f\u00fcr Outcalls<\/strong><\/h3>\n<p>Jede Begegnung mit unseren <strong>Escort-Damen<\/strong> ist darauf ausgerichtet, Ihnen ein ausgewogenes Verh\u00e4ltnis von Vergn\u00fcgen, anregender Unterhaltung und Authentizit\u00e4t zu bieten. Unsere Begleiterinnen zeichnen sich durch nat\u00fcrliche Eleganz und ein herzliches Wesen aus \u2013 ideal f\u00fcr alle, die mehr als nur ein gew\u00f6hnliches Date suchen. Ihre Anwesenheit macht jeden Abend zu einem unvergesslichen Erlebnis.  <\/p>\n<p>Sie k\u00f6nnen Begleitung f\u00fcr einen ruhigen Abend, eine private Veranstaltung oder einfach nur f\u00fcr eine sinnliche Massage in Ihrem Zuhause buchen. Wir richten uns nach Ihrem Zeitplan und Ihren W\u00fcnschen, damit jeder Moment exklusiv und entspannend ist.<\/p>\n<\/div><\/div><div class=\"w-separator size_medium\"><\/div><div class=\"w-btn-wrapper align_none\"><a class=\"w-btn us-btn-style_1 us_custom_f73f4019 icon_atleft\" href=\"https:\/\/agenciaescortsbarcelona.com\/de\/kontakt\/\"><i class=\"fas fa-heart\"><\/i><span class=\"w-btn-label\">Kontakt<\/span><\/a><\/div><\/div><\/div><\/div><\/div><\/section><section class=\"l-section wpb_row height_large color_primary\" id=\"1\"><div class=\"l-section-overlay\" style=\"background:linear-gradient(90deg,#333333,#1a1a1a)\"><\/div><div class=\"l-section-h i-cf\"><div class=\"g-cols vc_row via_grid cols_1 laptops-cols_inherit tablets-cols_inherit mobiles-cols_1 valign_top type_default stacking_default\"><div class=\"wpb_column vc_column_container us_custom_a518f36e us_animate_this\"><div class=\"vc_column-inner\"><div class=\"w-separator size_custom\" style=\"height:50px\" id=\"nc1d\"><style><\/style><\/div><div class=\"wpb_text_column\"><div class=\"wpb_wrapper\"><h2 style=\"color: #c6a04f;\"><strong>Escort zu Hause in Barcelona<\/strong><\/h2>\n<p>Vertraulichkeit und Sicherheit sind bei jedem Termin unerl\u00e4sslich. Deshalb ben\u00f6tigen wir vor der Buchungsbest\u00e4tigung die wichtigsten Informationen zur Koordination Ihres Termins: die genaue Adresse, Uhrzeit und Dauer. Unser Team behandelt alle Details diskret, damit alles reibungslos und sorgenfrei abl\u00e4uft.  <\/p>\n<p>Sollte Ihre Wunschbegleitung nicht verf\u00fcgbar sein, schlagen wir Ihnen \u00e4hnliche Profile vor, die denselben Qualit\u00e4tsstandards entsprechen. Wir vermitteln Ihnen niemals jemanden, der nicht zuvor vom Kunden best\u00e4tigt wurde. Unser oberstes Ziel ist es, Ihnen ein authentisches und zufriedenstellendes Erlebnis zu bieten.  <\/p>\n<h3 style=\"color: #c6a04f;\"><strong>Weibliche Escorts f\u00fcr Hausbesuche verf\u00fcgbar<\/strong><\/h3>\n<p>Wir bieten Ihnen eine exklusive Auswahl an <strong>Escort-Damen, die Ihnen rund um die Uhr in Barcelona zur Verf\u00fcgung stehen<\/strong> . Jede von ihnen besticht durch ihren einzigartigen Stil und ihre Pers\u00f6nlichkeit, sodass Sie f\u00fcr jeden Anlass die perfekte Begleitung finden. Ob in einem zentral gelegenen Hotel, bei Ihnen zu Hause oder w\u00e4hrend eines Kurzurlaubs \u2013 unsere Damen passen sich jeder Situation mit nat\u00fcrlicher Anmut und Eleganz an.  <\/p>\n<p>Lassen Sie sich vom Charme und der Diskretion unserer Begleiterinnen verzaubern. Mit unserem <strong>Escortservice in Barcelona<\/strong> wird jeder Besuch zu einem privaten, sinnlichen und eleganten Erlebnis \u2013 ideal f\u00fcr alle, die Genuss erleben m\u00f6chten, ohne auf den Komfort ihrer eigenen vier W\u00e4nde verzichten zu m\u00fcssen. <\/p>\n<p>In der Stadt gibt es mehrere Agenturen, die mit sorgf\u00e4ltig ausgew\u00e4hlten Escorts zusammenarbeiten und diskrete Dienstleistungen anbieten. Eine <a href=\"https:\/\/topdamas.com\/\" target=\"_blank\" rel=\"noopener\">Escortagentur in Barcelona<\/a> sticht dabei besonders durch ihre akribische Auswahl der Profile und die pers\u00f6nliche Betreuung hervor.<\/p>\n<\/div><\/div><\/div><\/div><\/div><\/div><\/section><section class=\"l-section wpb_row height_auto\"><div class=\"l-section-overlay\" style=\"background:linear-gradient(300deg,#c6a04f,#7d580e)\"><\/div><div class=\"l-section-h i-cf\"><div class=\"g-cols vc_row via_grid cols_1 laptops-cols_inherit tablets-cols_inherit mobiles-cols_1 valign_top type_default stacking_default\" style=\"--columns-gap:53px;\"><div class=\"wpb_column vc_column_container\"><div class=\"vc_column-inner\"><\/div><\/div><\/div><\/div><\/section>\n","protected":false},"excerpt":{"rendered":"Escorts zu Hause in Barcelona Wir von unserer Agentur verstehen, dass Sie manchmal die perfekte Begleitung in Ihren eigenen vier W\u00e4nden genie\u00dfen m\u00f6chten. Deshalb bieten wir Ihnen einen exklusiven Hausbesuchsservice in Barcelona an \u2013 f\u00fcr alle, die Wert auf Diskretion, Komfort und die elegante Behandlung durch unsere Begleiterinnen legen. Jedes Treffen wird absolut diskret arrangiert&hellip; <a class=\"continue\" href=\"https:\/\/agenciaescortsbarcelona.com\/de\/escorts-zu-hause-in-barcelona\/\">Continue Reading<span> Escorts zu Hause in Barcelona<\/span><\/a>","protected":false},"author":1,"featured_media":35582,"parent":0,"menu_order":0,"comment_status":"closed","ping_status":"closed","template":"","meta":{"footnotes":""},"class_list":["post-40866","page","type-page","status-publish","has-post-thumbnail","hentry"],"yoast_head":"<!-- This site is optimized with the Yoast SEO plugin v27.5 - https:\/\/yoast.com\/product\/yoast-seo-wordpress\/ -->\n<title>Escortservice in Barcelona | Private Ausfl\u00fcge und Hotels<\/title>\n<meta name=\"description\" content=\"Diskrete Escort-Services in Barcelona. Hotelbesuche und handverlesene Begleiterinnen.\" \/>\n<meta name=\"robots\" content=\"index, follow, max-snippet:-1, max-image-preview:large, max-video-preview:-1\" \/>\n<link rel=\"canonical\" href=\"https:\/\/agenciaescortsbarcelona.com\/de\/escorts-zu-hause-in-barcelona\/\" \/>\n<meta property=\"og:locale\" content=\"de_DE\" \/>\n<meta property=\"og:type\" content=\"article\" \/>\n<meta property=\"og:title\" content=\"Escortservice in Barcelona | Private Ausfl\u00fcge und Hotels\" \/>\n<meta property=\"og:description\" content=\"Diskrete Escort-Services in Barcelona. Hotelbesuche und handverlesene Begleiterinnen.\" \/>\n<meta property=\"og:url\" content=\"https:\/\/agenciaescortsbarcelona.com\/de\/escorts-zu-hause-in-barcelona\/\" \/>\n<meta property=\"og:site_name\" content=\"Agencia Escorts Barcelona\" \/>\n<meta property=\"article:modified_time\" content=\"2026-03-11T14:05:06+00:00\" \/>\n<meta property=\"og:image\" content=\"https:\/\/agenciaescortsbarcelona.com\/wp-content\/uploads\/2024\/12\/brothel-barcelona.jpg\" \/>\n\t<meta property=\"og:image:width\" content=\"1200\" \/>\n\t<meta property=\"og:image:height\" content=\"821\" \/>\n\t<meta property=\"og:image:type\" content=\"image\/jpeg\" \/>\n<meta name=\"twitter:card\" content=\"summary_large_image\" \/>\n<meta name=\"twitter:label1\" content=\"Gesch\u00e4tzte Lesezeit\" \/>\n\t<meta name=\"twitter:data1\" content=\"3\u00a0Minuten\" \/>\n<script type=\"application\/ld+json\" class=\"yoast-schema-graph\">{\"@context\":\"https:\\\/\\\/schema.org\",\"@graph\":[{\"@type\":\"WebPage\",\"@id\":\"https:\\\/\\\/agenciaescortsbarcelona.com\\\/de\\\/escorts-zu-hause-in-barcelona\\\/\",\"url\":\"https:\\\/\\\/agenciaescortsbarcelona.com\\\/de\\\/escorts-zu-hause-in-barcelona\\\/\",\"name\":\"Escortservice in Barcelona | Private Ausfl\u00fcge und Hotels\",\"isPartOf\":{\"@id\":\"https:\\\/\\\/agenciaescortsbarcelona.com\\\/de\\\/#website\"},\"primaryImageOfPage\":{\"@id\":\"https:\\\/\\\/agenciaescortsbarcelona.com\\\/de\\\/escorts-zu-hause-in-barcelona\\\/#primaryimage\"},\"image\":{\"@id\":\"https:\\\/\\\/agenciaescortsbarcelona.com\\\/de\\\/escorts-zu-hause-in-barcelona\\\/#primaryimage\"},\"thumbnailUrl\":\"https:\\\/\\\/agenciaescortsbarcelona.com\\\/wp-content\\\/uploads\\\/2024\\\/12\\\/brothel-barcelona.jpg\",\"datePublished\":\"2024-12-27T18:21:20+00:00\",\"dateModified\":\"2026-03-11T14:05:06+00:00\",\"description\":\"Diskrete Escort-Services in Barcelona. Hotelbesuche und handverlesene Begleiterinnen.\",\"breadcrumb\":{\"@id\":\"https:\\\/\\\/agenciaescortsbarcelona.com\\\/de\\\/escorts-zu-hause-in-barcelona\\\/#breadcrumb\"},\"inLanguage\":\"de\",\"potentialAction\":[{\"@type\":\"ReadAction\",\"target\":[\"https:\\\/\\\/agenciaescortsbarcelona.com\\\/de\\\/escorts-zu-hause-in-barcelona\\\/\"]}]},{\"@type\":\"ImageObject\",\"inLanguage\":\"de\",\"@id\":\"https:\\\/\\\/agenciaescortsbarcelona.com\\\/de\\\/escorts-zu-hause-in-barcelona\\\/#primaryimage\",\"url\":\"https:\\\/\\\/agenciaescortsbarcelona.com\\\/wp-content\\\/uploads\\\/2024\\\/12\\\/brothel-barcelona.jpg\",\"contentUrl\":\"https:\\\/\\\/agenciaescortsbarcelona.com\\\/wp-content\\\/uploads\\\/2024\\\/12\\\/brothel-barcelona.jpg\",\"width\":1200,\"height\":821,\"caption\":\"Escorts a domicilio Barcelona\"},{\"@type\":\"BreadcrumbList\",\"@id\":\"https:\\\/\\\/agenciaescortsbarcelona.com\\\/de\\\/escorts-zu-hause-in-barcelona\\\/#breadcrumb\",\"itemListElement\":[{\"@type\":\"ListItem\",\"position\":1,\"name\":\"Inicio\",\"item\":\"https:\\\/\\\/agenciaescortsbarcelona.com\\\/de\\\/\"},{\"@type\":\"ListItem\",\"position\":2,\"name\":\"Escorts zu Hause in Barcelona\"}]},{\"@type\":\"WebSite\",\"@id\":\"https:\\\/\\\/agenciaescortsbarcelona.com\\\/de\\\/#website\",\"url\":\"https:\\\/\\\/agenciaescortsbarcelona.com\\\/de\\\/\",\"name\":\"Agencia Escorts Barcelona\",\"description\":\"Escorts de lujo Barcelona\",\"publisher\":{\"@id\":\"https:\\\/\\\/agenciaescortsbarcelona.com\\\/de\\\/#organization\"},\"alternateName\":\"Escorts Barcelona\",\"potentialAction\":[{\"@type\":\"SearchAction\",\"target\":{\"@type\":\"EntryPoint\",\"urlTemplate\":\"https:\\\/\\\/agenciaescortsbarcelona.com\\\/de\\\/?s={search_term_string}\"},\"query-input\":{\"@type\":\"PropertyValueSpecification\",\"valueRequired\":true,\"valueName\":\"search_term_string\"}}],\"inLanguage\":\"de\"},{\"@type\":\"Organization\",\"@id\":\"https:\\\/\\\/agenciaescortsbarcelona.com\\\/de\\\/#organization\",\"name\":\"Agencia Escorts Barcelona\",\"alternateName\":\"AgenciaEscortsBarcelona.com\",\"url\":\"https:\\\/\\\/agenciaescortsbarcelona.com\\\/de\\\/\",\"logo\":{\"@type\":\"ImageObject\",\"inLanguage\":\"de\",\"@id\":\"https:\\\/\\\/agenciaescortsbarcelona.com\\\/de\\\/#\\\/schema\\\/logo\\\/image\\\/\",\"url\":\"https:\\\/\\\/agenciaescortsbarcelona.com\\\/wp-content\\\/uploads\\\/2023\\\/11\\\/Logotipo-AEB.png\",\"contentUrl\":\"https:\\\/\\\/agenciaescortsbarcelona.com\\\/wp-content\\\/uploads\\\/2023\\\/11\\\/Logotipo-AEB.png\",\"width\":758,\"height\":758,\"caption\":\"Agencia Escorts Barcelona\"},\"image\":{\"@id\":\"https:\\\/\\\/agenciaescortsbarcelona.com\\\/de\\\/#\\\/schema\\\/logo\\\/image\\\/\"}}]}<\/script>\n<!-- \/ Yoast SEO plugin. -->","yoast_head_json":{"title":"Escortservice in Barcelona | Private Ausfl\u00fcge und Hotels","description":"Diskrete Escort-Services in Barcelona. Hotelbesuche und handverlesene Begleiterinnen.","robots":{"index":"index","follow":"follow","max-snippet":"max-snippet:-1","max-image-preview":"max-image-preview:large","max-video-preview":"max-video-preview:-1"},"canonical":"https:\/\/agenciaescortsbarcelona.com\/de\/escorts-zu-hause-in-barcelona\/","og_locale":"de_DE","og_type":"article","og_title":"Escortservice in Barcelona | Private Ausfl\u00fcge und Hotels","og_description":"Diskrete Escort-Services in Barcelona. Hotelbesuche und handverlesene Begleiterinnen.","og_url":"https:\/\/agenciaescortsbarcelona.com\/de\/escorts-zu-hause-in-barcelona\/","og_site_name":"Agencia Escorts Barcelona","article_modified_time":"2026-03-11T14:05:06+00:00","og_image":[{"width":1200,"height":821,"url":"https:\/\/agenciaescortsbarcelona.com\/wp-content\/uploads\/2024\/12\/brothel-barcelona.jpg","type":"image\/jpeg"}],"twitter_card":"summary_large_image","twitter_misc":{"Gesch\u00e4tzte Lesezeit":"3\u00a0Minuten"},"schema":{"@context":"https:\/\/schema.org","@graph":[{"@type":"WebPage","@id":"https:\/\/agenciaescortsbarcelona.com\/de\/escorts-zu-hause-in-barcelona\/","url":"https:\/\/agenciaescortsbarcelona.com\/de\/escorts-zu-hause-in-barcelona\/","name":"Escortservice in Barcelona | Private Ausfl\u00fcge und Hotels","isPartOf":{"@id":"https:\/\/agenciaescortsbarcelona.com\/de\/#website"},"primaryImageOfPage":{"@id":"https:\/\/agenciaescortsbarcelona.com\/de\/escorts-zu-hause-in-barcelona\/#primaryimage"},"image":{"@id":"https:\/\/agenciaescortsbarcelona.com\/de\/escorts-zu-hause-in-barcelona\/#primaryimage"},"thumbnailUrl":"https:\/\/agenciaescortsbarcelona.com\/wp-content\/uploads\/2024\/12\/brothel-barcelona.jpg","datePublished":"2024-12-27T18:21:20+00:00","dateModified":"2026-03-11T14:05:06+00:00","description":"Diskrete Escort-Services in Barcelona. Hotelbesuche und handverlesene Begleiterinnen.","breadcrumb":{"@id":"https:\/\/agenciaescortsbarcelona.com\/de\/escorts-zu-hause-in-barcelona\/#breadcrumb"},"inLanguage":"de","potentialAction":[{"@type":"ReadAction","target":["https:\/\/agenciaescortsbarcelona.com\/de\/escorts-zu-hause-in-barcelona\/"]}]},{"@type":"ImageObject","inLanguage":"de","@id":"https:\/\/agenciaescortsbarcelona.com\/de\/escorts-zu-hause-in-barcelona\/#primaryimage","url":"https:\/\/agenciaescortsbarcelona.com\/wp-content\/uploads\/2024\/12\/brothel-barcelona.jpg","contentUrl":"https:\/\/agenciaescortsbarcelona.com\/wp-content\/uploads\/2024\/12\/brothel-barcelona.jpg","width":1200,"height":821,"caption":"Escorts a domicilio Barcelona"},{"@type":"BreadcrumbList","@id":"https:\/\/agenciaescortsbarcelona.com\/de\/escorts-zu-hause-in-barcelona\/#breadcrumb","itemListElement":[{"@type":"ListItem","position":1,"name":"Inicio","item":"https:\/\/agenciaescortsbarcelona.com\/de\/"},{"@type":"ListItem","position":2,"name":"Escorts zu Hause in Barcelona"}]},{"@type":"WebSite","@id":"https:\/\/agenciaescortsbarcelona.com\/de\/#website","url":"https:\/\/agenciaescortsbarcelona.com\/de\/","name":"Agencia Escorts Barcelona","description":"Escorts de lujo Barcelona","publisher":{"@id":"https:\/\/agenciaescortsbarcelona.com\/de\/#organization"},"alternateName":"Escorts Barcelona","potentialAction":[{"@type":"SearchAction","target":{"@type":"EntryPoint","urlTemplate":"https:\/\/agenciaescortsbarcelona.com\/de\/?s={search_term_string}"},"query-input":{"@type":"PropertyValueSpecification","valueRequired":true,"valueName":"search_term_string"}}],"inLanguage":"de"},{"@type":"Organization","@id":"https:\/\/agenciaescortsbarcelona.com\/de\/#organization","name":"Agencia Escorts Barcelona","alternateName":"AgenciaEscortsBarcelona.com","url":"https:\/\/agenciaescortsbarcelona.com\/de\/","logo":{"@type":"ImageObject","inLanguage":"de","@id":"https:\/\/agenciaescortsbarcelona.com\/de\/#\/schema\/logo\/image\/","url":"https:\/\/agenciaescortsbarcelona.com\/wp-content\/uploads\/2023\/11\/Logotipo-AEB.png","contentUrl":"https:\/\/agenciaescortsbarcelona.com\/wp-content\/uploads\/2023\/11\/Logotipo-AEB.png","width":758,"height":758,"caption":"Agencia Escorts Barcelona"},"image":{"@id":"https:\/\/agenciaescortsbarcelona.com\/de\/#\/schema\/logo\/image\/"}}]}},"_links":{"self":[{"href":"https:\/\/agenciaescortsbarcelona.com\/de\/wp-json\/wp\/v2\/pages\/40866","targetHints":{"allow":["GET"]}}],"collection":[{"href":"https:\/\/agenciaescortsbarcelona.com\/de\/wp-json\/wp\/v2\/pages"}],"about":[{"href":"https:\/\/agenciaescortsbarcelona.com\/de\/wp-json\/wp\/v2\/types\/page"}],"author":[{"embeddable":true,"href":"https:\/\/agenciaescortsbarcelona.com\/de\/wp-json\/wp\/v2\/users\/1"}],"replies":[{"embeddable":true,"href":"https:\/\/agenciaescortsbarcelona.com\/de\/wp-json\/wp\/v2\/comments?post=40866"}],"version-history":[{"count":16,"href":"https:\/\/agenciaescortsbarcelona.com\/de\/wp-json\/wp\/v2\/pages\/40866\/revisions"}],"predecessor-version":[{"id":45751,"href":"https:\/\/agenciaescortsbarcelona.com\/de\/wp-json\/wp\/v2\/pages\/40866\/revisions\/45751"}],"wp:featuredmedia":[{"embeddable":true,"href":"https:\/\/agenciaescortsbarcelona.com\/de\/wp-json\/wp\/v2\/media\/35582"}],"wp:attachment":[{"href":"https:\/\/agenciaescortsbarcelona.com\/de\/wp-json\/wp\/v2\/media?parent=40866"}],"curies":[{"name":"wp","href":"https:\/\/api.w.org\/{rel}","templated":true}]}}