{"id":40881,"date":"2024-12-28T17:42:44","date_gmt":"2024-12-28T17:42:44","guid":{"rendered":"https:\/\/agenciaescortsbarcelona.com\/happy-end-massage-in-barcelona\/"},"modified":"2026-04-30T14:22:02","modified_gmt":"2026-04-30T14:22:02","slug":"happy-end-massage-in-barcelona","status":"publish","type":"page","link":"https:\/\/agenciaescortsbarcelona.com\/de\/happy-end-massage-in-barcelona\/","title":{"rendered":"Happy-End-Massage in Barcelona"},"content":{"rendered":"<section class=\"l-section wpb_row height_medium color_primary with_img parallax_ver\"><div class=\"l-section-img\" role=\"img\" aria-label=\"Escorts Barcelona\" data-img-width=\"1200\" data-img-height=\"821\" style=\"background-image: url(https:\/\/agenciaescortsbarcelona.com\/wp-content\/uploads\/2024\/12\/brothel-in-bcn.jpg);background-position: top center;\"><\/div><div class=\"l-section-overlay\" style=\"background:rgba(26,26,26,0.75)\"><\/div><div class=\"l-section-h i-cf\"><div class=\"g-cols vc_row via_grid cols_1 laptops-cols_inherit tablets-cols_inherit mobiles-cols_1 valign_top type_default stacking_default\"><div class=\"wpb_column vc_column_container us_custom_a518f36e us_animate_this\"><div class=\"vc_column-inner\"><div class=\"wpb_text_column\"><div class=\"wpb_wrapper\"><h1 style=\"color: #c6a04f; text-align: center;\"><strong>Happy-End-Massage in Barcelona<\/strong><\/h1>\n<p style=\"text-align: center;\">Suchen Sie <strong>in Barcelona nach einer Massage mit Happy End, die<\/strong> elegant, diskret und professionell durchgef\u00fchrt wird? Dann sind Sie hier genau richtig! Hier erwartet Sie ein Erlebnis, das K\u00f6rper und Geist vollkommen entspannt. Unsere Masseure vereinen sinnliche Techniken, gekonnte Ber\u00fchrungen und eine intime Atmosph\u00e4re, damit Sie einen einzigartigen, befreienden und tiefenentspannenden Moment genie\u00dfen k\u00f6nnen. <\/p>\n<p style=\"text-align: center;\">In unseren R\u00e4umlichkeiten achten wir auf jedes Detail: sanftes Licht, entspannende Musik, wohltuende D\u00fcfte und pers\u00f6nliche Betreuung sorgen daf\u00fcr, dass Sie ungest\u00f6rt und ohne Hektik zur Ruhe kommen. Das Erlebnis ist darauf ausgerichtet, Ihnen vom ersten Moment an Ruhe, Genuss und sinnliche Erlebnisse zu schenken. <\/p>\n<\/div><\/div><div class=\"w-separator size_custom\" style=\"height:50px\" id=\"j6c5\"><style><\/style><\/div><div class=\"w-btn-wrapper align_center\"><a class=\"w-btn us-btn-style_1\" target=\"_blank\" rel=\"nofollow\" href=\"#1\"><span class=\"w-btn-label\">Entdecken Sie uns<\/span><\/a><\/div><\/div><\/div><\/div><\/div><\/section><section class=\"l-section wpb_row height_large color_primary\" id=\"1\"><div class=\"l-section-overlay\" style=\"background:linear-gradient(90deg,#333333,#1a1a1a)\"><\/div><div class=\"l-section-h i-cf\"><div class=\"g-cols vc_row via_grid cols_1 laptops-cols_inherit tablets-cols_inherit mobiles-cols_1 valign_top type_default stacking_default\"><div class=\"wpb_column vc_column_container us_custom_a518f36e us_animate_this\"><div class=\"vc_column-inner\"><div class=\"w-grid type_grid layout_361 hidden cols_3 ratio_3x4\" id=\"us_grid_1\" style=\"--columns:3;--gap:0.5rem;--item-ratio:1.33333;\" data-filterable=\"true\"><style>@media (max-width:1024px){#us_grid_1{--columns:2!important}}@media (max-width:600px){#us_grid_1{--columns:1!important}}.layout_361 .w-grid-item-h{background:#333}.layout_361 .usg_post_image_1{transition-duration:0.35s;transform-origin:50% 50%;transform:scale(1) translate(0%,0%)}.layout_361 .w-grid-item-h:focus-within .usg_post_image_1,.layout_361 .w-grid-item-h:hover .usg_post_image_1{transform:scale(1.1) translate(0%,0%);opacity:0.1}.layout_361 .usg_post_image_1{position:absolute!important;left:0!important;top:0!important;bottom:0!important;right:0!important}.layout_361 .usg_vwrapper_1{position:absolute!important;right:0!important;bottom:0!important;left:0!important;background:linear-gradient(transparent,rgba(30,30,30,0.8))!important;padding:4rem 2rem 1.5rem 2rem!important}.layout_361 .usg_post_title_1{color:#fff!important;font-size:1.2rem!important}<\/style><div class=\"w-grid-list\"><\/div><div class=\"w-grid-preloader\">\t<div class=\"g-preloader type_1\">\r\n\t\t<div><\/div>\r\n\t<\/div>\r\n\t<\/div>\t<div class=\"w-grid-json hidden\" onclick='return {&quot;action&quot;:&quot;us_ajax_grid&quot;,&quot;infinite_scroll&quot;:0,&quot;max_num_pages&quot;:0,&quot;pagination&quot;:&quot;none&quot;,&quot;template_vars&quot;:{&quot;columns&quot;:&quot;3&quot;,&quot;exclude_items&quot;:&quot;none&quot;,&quot;img_size&quot;:&quot;default&quot;,&quot;ignore_items_size&quot;:0,&quot;items_layout&quot;:&quot;361&quot;,&quot;items_offset&quot;:&quot;1&quot;,&quot;load_animation&quot;:&quot;none&quot;,&quot;overriding_link&quot;:&quot;%7B%22type%22%3A%22post%22%7D&quot;,&quot;post_id&quot;:0,&quot;query_args&quot;:{&quot;post_type&quot;:[&quot;us_portfolio&quot;],&quot;tax_query&quot;:[{&quot;taxonomy&quot;:&quot;us_portfolio_category&quot;,&quot;field&quot;:&quot;slug&quot;,&quot;terms&quot;:[&quot;M\\u00e4dchen&quot;]}],&quot;post_status&quot;:[&quot;publish&quot;],&quot;posts_per_page&quot;:&quot;1000&quot;},&quot;orderby_query_args&quot;:{&quot;orderby&quot;:&quot;RAND(2016690834)&quot;},&quot;type&quot;:&quot;grid&quot;,&quot;us_grid_post_type&quot;:&quot;us_portfolio&quot;,&quot;us_grid_ajax_index&quot;:1,&quot;us_grid_filter_query_string&quot;:null,&quot;us_grid_index&quot;:1,&quot;page_args&quot;:[],&quot;lang&quot;:&quot;de&quot;}}'><\/div>\r\n\t<\/div><div class=\"w-grid-none type_message\">Es wurden keine Ergebnisse gefunden.<\/div><div class=\"w-separator size_custom\" style=\"height:50px\" id=\"vbe3\"><style><\/style><\/div><div class=\"wpb_text_column\"><div class=\"wpb_wrapper\"><h2 style=\"color: #c6a04f;\"><strong>Erleben Sie die beste Massage mit Happy End in Barcelona<\/strong><\/h2>\n<p>Wenn Sie noch nie eine Intimmassage mit entspannendem Abschluss genossen haben, sind Fragen ganz normal. In Barcelona suchen immer mehr Menschen nach dieser Art von sinnlichem Wohlbefinden \u2013 einer nat\u00fcrlichen M\u00f6glichkeit, Verspannungen zu l\u00f6sen, sich mit dem eigenen K\u00f6rper zu verbinden und einen exklusiven Moment der Entspannung und des Genusses zu erleben. <\/p>\n<p>Unsere erfahrenen Massagetherapeuten beherrschen erotische und sinnliche Techniken und bieten Ihnen einen aufmerksamen und einf\u00fchlsamen Service, der ganz auf Ihr Wohlbefinden abgestimmt ist. Unser Ziel ist es, Ihnen jederzeit ein authentisches, entspannendes und stilvolles Erlebnis zu bieten. <\/p>\n<p>F\u00fcr alle, die ein noch st\u00e4rker auf Wohlbefinden und tiefe Entspannung ausgerichtetes Erlebnis suchen, gibt es <a href=\"https:\/\/sibaritasdelmasaje.es\/\" target=\"_blank\" rel=\"noopener\">in Barcelona auch erotische Massageangebote<\/a> , bei denen sinnliche Verbindung und Intimit\u00e4t im Mittelpunkt stehen.<\/p>\n<\/div><\/div><\/div><\/div><\/div><\/div><\/section><section class=\"l-section wpb_row height_auto width_full\"><div class=\"l-section-h i-cf\"><div class=\"g-cols vc_row via_grid cols_2-1 laptops-cols_3-2 tablets-cols_2 mobiles-cols_1 valign_middle type_default reversed\" style=\"--columns-gap:0rem;\"><div class=\"wpb_column vc_column_container us_custom_d5ae0e7b has_bg_color\"><div class=\"vc_column-inner\"><\/div><\/div><div class=\"wpb_column vc_column_container us_custom_14191e41\"><div class=\"vc_column-inner\"><div class=\"wpb_text_column\"><div class=\"wpb_wrapper\"><h3 style=\"color: #c6a04f;\"><strong>Was beinhaltet eine Lingam-Massage?<\/strong><\/h3>\n<p>Die Lingam-Massage ist eine intime und sinnliche Technik, die das m\u00e4nnliche Vergn\u00fcgen durch langsame, sanfte und achtsame Erkundung der empfindlichsten K\u00f6rperbereiche steigert. Der Masseur nutzt flie\u00dfende Bewegungen, angeleitete Atmung und warme Ber\u00fchrungen, um ein tiefes Wohlbefinden zu erzeugen, das in einer genussvollen und v\u00f6llig nat\u00fcrlichen Entspannung gipfelt. <\/p>\n<p>Es geht nicht um tantrischen Sex oder komplizierte Rituale: Es ist ein raffiniertes erotisches Erlebnis, bei dem die Masseurin den perfekten Rhythmus vorgibt, damit Sie sich entspannen, Spannungen l\u00f6sen und die sinnliche Verbindung genie\u00dfen k\u00f6nnen.<\/p>\n<\/div><\/div><div class=\"w-separator size_medium\"><\/div><div class=\"w-btn-wrapper align_none\"><a class=\"w-btn us-btn-style_1 us_custom_f73f4019 icon_atleft\" href=\"https:\/\/agenciaescortsbarcelona.com\/de\/kontakt\/\"><i class=\"fas fa-heart\"><\/i><span class=\"w-btn-label\">Kontakt<\/span><\/a><\/div><\/div><\/div><\/div><\/div><\/section><section class=\"l-section wpb_row height_large color_primary\" id=\"1\"><div class=\"l-section-overlay\" style=\"background:linear-gradient(90deg,#333333,#1a1a1a)\"><\/div><div class=\"l-section-h i-cf\"><div class=\"g-cols vc_row via_grid cols_1 laptops-cols_inherit tablets-cols_inherit mobiles-cols_1 valign_top type_default stacking_default\"><div class=\"wpb_column vc_column_container us_custom_a518f36e us_animate_this\"><div class=\"vc_column-inner\"><div class=\"w-separator size_custom\" style=\"height:50px\" id=\"peb6\"><style><\/style><\/div><div class=\"wpb_text_column\"><div class=\"wpb_wrapper\"><h3 style=\"color: #c6a04f;\"><strong>Gibt es Privatsph\u00e4re oder werde ich mich unwohl f\u00fchlen?<\/strong><\/h3>\n<p>Die gesamte Behandlung findet in einem sicheren, privaten und elegant eingerichteten Ambiente statt. Die Masseurin achtet auf jedes Detail, damit Sie sich vom ersten Moment an wohlf\u00fchlen und geht dabei auf Ihre Sch\u00fcchternheit oder Ihr Selbstbewusstsein ein. Niemand wird Sie beim Kommen oder Gehen sehen, und die gesamte Behandlung ist absolut vertraulich.  <\/p>\n<p>Unser Ziel ist es, Ihnen einen intimen, entspannten und rundum angenehmen Moment zu bieten. Absolute Diskretion ist selbstverst\u00e4ndlich. <\/p>\n<h2 style=\"color: #c6a04f;\"><strong>Probieren Sie die Happy-End-Massage in Barcelona<\/strong><\/h2>\n<p>Eine <strong>Massage mit Happy End in Barcelona<\/strong> ist eine au\u00dfergew\u00f6hnliche M\u00f6glichkeit, wieder zu sich selbst zu finden, Verspannungen zu l\u00f6sen und auf nat\u00fcrliche und elegante Weise Genuss zu erleben. Sie erfreut sich zunehmender Beliebtheit, da sie k\u00f6rperliches Wohlbefinden, mentale Entspannung und eine \u00e4u\u00dferst wohltuende emotionale Befreiung vereint. <\/p>\n<p>Eine weitere, sehr gefragte Alternative ist <a href=\"https:\/\/ritualtantramassage.com\/\" target=\"_blank\" rel=\"noopener\">die tantrische Massage in Barcelona<\/a> , \u200b\u200bein Erlebnis, das auf das Gleichgewicht zwischen K\u00f6rper, Energie und bewusstem Vergn\u00fcgen abzielt.<\/p>\n<h3 style=\"color: #c6a04f;\"><strong>Welche Vorteile hat es?<\/strong><\/h3>\n<ul>\n<li>Reduziert Stress und Angstzust\u00e4nde sofort.<\/li>\n<li>Es durchbricht den Alltag und vermittelt ein tiefes Gef\u00fchl der Befreiung.<\/li>\n<li>Es verbessert die Stimmung und steigert die Energie.<\/li>\n<li>Es regt die Durchblutung an und entspannt das Nervensystem.<\/li>\n<li>Es steigert die Motivation und das allgemeine Wohlbefinden.<\/li>\n<\/ul>\n<p>Die Masseurin passt Rhythmus, Intensit\u00e4t und Schwerpunkt Ihren W\u00fcnschen an und schafft so ein ganz pers\u00f6nliches und respektvolles Erlebnis.<\/p>\n<h3 style=\"color: #c6a04f;\"><strong>F\u00fcr wen ist es geeignet?<\/strong><\/h3>\n<p>F\u00fcr alle, die ein intimes, elegantes und einzigartiges Erlebnis genie\u00dfen m\u00f6chten. Vorkenntnisse sind nicht erforderlich: Entspannen Sie sich einfach und lassen Sie sich von erfahrenen H\u00e4nden verw\u00f6hnen. <\/p>\n<h2 style=\"color: #c6a04f;\"><strong>Buchen Sie Ihren Termin mit einer Happy-End-Masseurin in Barcelona<\/strong><\/h2>\n<p>Wenn Sie in Barcelona eine Massage mit Happy End in privater und authentischer Atmosph\u00e4re genie\u00dfen m\u00f6chten, schreiben Sie uns einfach. Wir bieten Ihnen eine diskrete und schnelle Abwicklung mit garantierter Verf\u00fcgbarkeit und verifizierten Profilen. Alternativ k\u00f6nnen Sie auch unseren <a title=\"Escortservice in Barcelona\" href=\"https:\/\/agenciaescortsbarcelona.com\/de\/escorts-zu-hause-in-barcelona\/\">Escortservice in Ihrem Hotelzimmer<\/a> nutzen.  <\/p>\n<h2 style=\"color: #c6a04f;\"><strong>Genie\u00dfen Sie die beste Massage mit Happy End in Barcelona<\/strong><\/h2>\n<p>G\u00f6nnen Sie sich ein einzigartiges Erlebnis und genie\u00dfen Sie Entspannung und Genuss in einem eleganten, intimen und diskreten Ambiente. Wenn Sie mehr \u00fcber unsere Dienstleistungen erfahren, verf\u00fcgbare Profile einsehen oder eine Reservierung vornehmen m\u00f6chten, besuchen Sie unsere <a title=\"Escortagentur in Barcelona\" href=\"https:\/\/agenciaescortsbarcelona.com\/de\/\" rel=\"noopener\">Escortagentur in Barcelona<\/a> und entdecken Sie alle speziell f\u00fcr Sie zusammengestellten Angebote. <\/p>\n<p>Wir freuen uns darauf, Sie bei uns begr\u00fc\u00dfen zu d\u00fcrfen und Ihnen eine wohltuende Massage zu bieten, an die Sie sich noch lange erinnern werden.<\/p>\n<\/div><\/div><\/div><\/div><\/div><\/div><\/section><section class=\"l-section wpb_row height_auto\"><div class=\"l-section-overlay\" style=\"background:linear-gradient(300deg,#c6a04f,#7d580e)\"><\/div><div class=\"l-section-h i-cf\"><div class=\"g-cols vc_row via_grid cols_1 laptops-cols_inherit tablets-cols_inherit mobiles-cols_1 valign_top type_default stacking_default\" style=\"--columns-gap:53px;\"><div class=\"wpb_column vc_column_container\"><div class=\"vc_column-inner\"><\/div><\/div><\/div><\/div><\/section>\n","protected":false},"excerpt":{"rendered":"Happy-End-Massage in Barcelona Suchen Sie in Barcelona nach einer Massage mit Happy End, die elegant, diskret und professionell durchgef\u00fchrt wird? Dann sind Sie hier genau richtig! Hier erwartet Sie ein Erlebnis, das K\u00f6rper und Geist vollkommen entspannt. Unsere Masseure vereinen sinnliche Techniken, gekonnte Ber\u00fchrungen und eine intime Atmosph\u00e4re, damit Sie einen einzigartigen, befreienden und tiefenentspannenden&hellip; <a class=\"continue\" href=\"https:\/\/agenciaescortsbarcelona.com\/de\/happy-end-massage-in-barcelona\/\">Continue Reading<span> Happy-End-Massage in Barcelona<\/span><\/a>","protected":false},"author":1,"featured_media":35659,"parent":0,"menu_order":0,"comment_status":"closed","ping_status":"closed","template":"","meta":{"footnotes":""},"class_list":["post-40881","page","type-page","status-publish","has-post-thumbnail","hentry"],"yoast_head":"<!-- This site is optimized with the Yoast SEO plugin v27.5 - https:\/\/yoast.com\/product\/yoast-seo-wordpress\/ -->\n<title>Happy-End-Massage in Barcelona, entdecken Sie sie in unserer Agentur.<\/title>\n<meta name=\"description\" content=\"Entspannen Sie sich bei einer Happy-End-Massage in Barcelona. W\u00e4hlen Sie Ihre Lieblingsmasseurin f\u00fcr das ultimative Erlebnis.\" \/>\n<meta name=\"robots\" content=\"index, follow, max-snippet:-1, max-image-preview:large, max-video-preview:-1\" \/>\n<link rel=\"canonical\" href=\"https:\/\/agenciaescortsbarcelona.com\/de\/happy-end-massage-in-barcelona\/\" \/>\n<meta property=\"og:locale\" content=\"de_DE\" \/>\n<meta property=\"og:type\" content=\"article\" \/>\n<meta property=\"og:title\" content=\"Happy-End-Massage in Barcelona, entdecken Sie sie in unserer Agentur.\" \/>\n<meta property=\"og:description\" content=\"Entspannen Sie sich bei einer Happy-End-Massage in Barcelona. W\u00e4hlen Sie Ihre Lieblingsmasseurin f\u00fcr das ultimative Erlebnis.\" \/>\n<meta property=\"og:url\" content=\"https:\/\/agenciaescortsbarcelona.com\/de\/happy-end-massage-in-barcelona\/\" \/>\n<meta property=\"og:site_name\" content=\"Agencia Escorts Barcelona\" \/>\n<meta property=\"article:modified_time\" content=\"2026-04-30T14:22:02+00:00\" \/>\n<meta property=\"og:image\" content=\"https:\/\/agenciaescortsbarcelona.com\/wp-content\/uploads\/2024\/12\/brothel-barcelona-1.jpg\" \/>\n\t<meta property=\"og:image:width\" content=\"1200\" \/>\n\t<meta property=\"og:image:height\" content=\"821\" \/>\n\t<meta property=\"og:image:type\" content=\"image\/jpeg\" \/>\n<meta name=\"twitter:card\" content=\"summary_large_image\" \/>\n<meta name=\"twitter:label1\" content=\"Gesch\u00e4tzte Lesezeit\" \/>\n\t<meta name=\"twitter:data1\" content=\"4\u00a0Minuten\" \/>\n<script type=\"application\/ld+json\" class=\"yoast-schema-graph\">{\"@context\":\"https:\\\/\\\/schema.org\",\"@graph\":[{\"@type\":\"WebPage\",\"@id\":\"https:\\\/\\\/agenciaescortsbarcelona.com\\\/de\\\/happy-end-massage-in-barcelona\\\/\",\"url\":\"https:\\\/\\\/agenciaescortsbarcelona.com\\\/de\\\/happy-end-massage-in-barcelona\\\/\",\"name\":\"Happy-End-Massage in Barcelona, entdecken Sie sie in unserer Agentur.\",\"isPartOf\":{\"@id\":\"https:\\\/\\\/agenciaescortsbarcelona.com\\\/de\\\/#website\"},\"primaryImageOfPage\":{\"@id\":\"https:\\\/\\\/agenciaescortsbarcelona.com\\\/de\\\/happy-end-massage-in-barcelona\\\/#primaryimage\"},\"image\":{\"@id\":\"https:\\\/\\\/agenciaescortsbarcelona.com\\\/de\\\/happy-end-massage-in-barcelona\\\/#primaryimage\"},\"thumbnailUrl\":\"https:\\\/\\\/agenciaescortsbarcelona.com\\\/wp-content\\\/uploads\\\/2024\\\/12\\\/brothel-barcelona-1.jpg\",\"datePublished\":\"2024-12-28T17:42:44+00:00\",\"dateModified\":\"2026-04-30T14:22:02+00:00\",\"description\":\"Entspannen Sie sich bei einer Happy-End-Massage in Barcelona. W\u00e4hlen Sie Ihre Lieblingsmasseurin f\u00fcr das ultimative Erlebnis.\",\"breadcrumb\":{\"@id\":\"https:\\\/\\\/agenciaescortsbarcelona.com\\\/de\\\/happy-end-massage-in-barcelona\\\/#breadcrumb\"},\"inLanguage\":\"de\",\"potentialAction\":[{\"@type\":\"ReadAction\",\"target\":[\"https:\\\/\\\/agenciaescortsbarcelona.com\\\/de\\\/happy-end-massage-in-barcelona\\\/\"]}]},{\"@type\":\"ImageObject\",\"inLanguage\":\"de\",\"@id\":\"https:\\\/\\\/agenciaescortsbarcelona.com\\\/de\\\/happy-end-massage-in-barcelona\\\/#primaryimage\",\"url\":\"https:\\\/\\\/agenciaescortsbarcelona.com\\\/wp-content\\\/uploads\\\/2024\\\/12\\\/brothel-barcelona-1.jpg\",\"contentUrl\":\"https:\\\/\\\/agenciaescortsbarcelona.com\\\/wp-content\\\/uploads\\\/2024\\\/12\\\/brothel-barcelona-1.jpg\",\"width\":1200,\"height\":821,\"caption\":\"Masaje con final feliz en Barcelona\"},{\"@type\":\"BreadcrumbList\",\"@id\":\"https:\\\/\\\/agenciaescortsbarcelona.com\\\/de\\\/happy-end-massage-in-barcelona\\\/#breadcrumb\",\"itemListElement\":[{\"@type\":\"ListItem\",\"position\":1,\"name\":\"Inicio\",\"item\":\"https:\\\/\\\/agenciaescortsbarcelona.com\\\/de\\\/\"},{\"@type\":\"ListItem\",\"position\":2,\"name\":\"Happy-End-Massage in Barcelona\"}]},{\"@type\":\"WebSite\",\"@id\":\"https:\\\/\\\/agenciaescortsbarcelona.com\\\/de\\\/#website\",\"url\":\"https:\\\/\\\/agenciaescortsbarcelona.com\\\/de\\\/\",\"name\":\"Agencia Escorts Barcelona\",\"description\":\"Escorts de lujo Barcelona\",\"publisher\":{\"@id\":\"https:\\\/\\\/agenciaescortsbarcelona.com\\\/de\\\/#organization\"},\"alternateName\":\"Escorts Barcelona\",\"potentialAction\":[{\"@type\":\"SearchAction\",\"target\":{\"@type\":\"EntryPoint\",\"urlTemplate\":\"https:\\\/\\\/agenciaescortsbarcelona.com\\\/de\\\/?s={search_term_string}\"},\"query-input\":{\"@type\":\"PropertyValueSpecification\",\"valueRequired\":true,\"valueName\":\"search_term_string\"}}],\"inLanguage\":\"de\"},{\"@type\":\"Organization\",\"@id\":\"https:\\\/\\\/agenciaescortsbarcelona.com\\\/de\\\/#organization\",\"name\":\"Agencia Escorts Barcelona\",\"alternateName\":\"AgenciaEscortsBarcelona.com\",\"url\":\"https:\\\/\\\/agenciaescortsbarcelona.com\\\/de\\\/\",\"logo\":{\"@type\":\"ImageObject\",\"inLanguage\":\"de\",\"@id\":\"https:\\\/\\\/agenciaescortsbarcelona.com\\\/de\\\/#\\\/schema\\\/logo\\\/image\\\/\",\"url\":\"https:\\\/\\\/agenciaescortsbarcelona.com\\\/wp-content\\\/uploads\\\/2023\\\/11\\\/Logotipo-AEB.png\",\"contentUrl\":\"https:\\\/\\\/agenciaescortsbarcelona.com\\\/wp-content\\\/uploads\\\/2023\\\/11\\\/Logotipo-AEB.png\",\"width\":758,\"height\":758,\"caption\":\"Agencia Escorts Barcelona\"},\"image\":{\"@id\":\"https:\\\/\\\/agenciaescortsbarcelona.com\\\/de\\\/#\\\/schema\\\/logo\\\/image\\\/\"}}]}<\/script>\n<!-- \/ Yoast SEO plugin. -->","yoast_head_json":{"title":"Happy-End-Massage in Barcelona, entdecken Sie sie in unserer Agentur.","description":"Entspannen Sie sich bei einer Happy-End-Massage in Barcelona. W\u00e4hlen Sie Ihre Lieblingsmasseurin f\u00fcr das ultimative Erlebnis.","robots":{"index":"index","follow":"follow","max-snippet":"max-snippet:-1","max-image-preview":"max-image-preview:large","max-video-preview":"max-video-preview:-1"},"canonical":"https:\/\/agenciaescortsbarcelona.com\/de\/happy-end-massage-in-barcelona\/","og_locale":"de_DE","og_type":"article","og_title":"Happy-End-Massage in Barcelona, entdecken Sie sie in unserer Agentur.","og_description":"Entspannen Sie sich bei einer Happy-End-Massage in Barcelona. W\u00e4hlen Sie Ihre Lieblingsmasseurin f\u00fcr das ultimative Erlebnis.","og_url":"https:\/\/agenciaescortsbarcelona.com\/de\/happy-end-massage-in-barcelona\/","og_site_name":"Agencia Escorts Barcelona","article_modified_time":"2026-04-30T14:22:02+00:00","og_image":[{"width":1200,"height":821,"url":"https:\/\/agenciaescortsbarcelona.com\/wp-content\/uploads\/2024\/12\/brothel-barcelona-1.jpg","type":"image\/jpeg"}],"twitter_card":"summary_large_image","twitter_misc":{"Gesch\u00e4tzte Lesezeit":"4\u00a0Minuten"},"schema":{"@context":"https:\/\/schema.org","@graph":[{"@type":"WebPage","@id":"https:\/\/agenciaescortsbarcelona.com\/de\/happy-end-massage-in-barcelona\/","url":"https:\/\/agenciaescortsbarcelona.com\/de\/happy-end-massage-in-barcelona\/","name":"Happy-End-Massage in Barcelona, entdecken Sie sie in unserer Agentur.","isPartOf":{"@id":"https:\/\/agenciaescortsbarcelona.com\/de\/#website"},"primaryImageOfPage":{"@id":"https:\/\/agenciaescortsbarcelona.com\/de\/happy-end-massage-in-barcelona\/#primaryimage"},"image":{"@id":"https:\/\/agenciaescortsbarcelona.com\/de\/happy-end-massage-in-barcelona\/#primaryimage"},"thumbnailUrl":"https:\/\/agenciaescortsbarcelona.com\/wp-content\/uploads\/2024\/12\/brothel-barcelona-1.jpg","datePublished":"2024-12-28T17:42:44+00:00","dateModified":"2026-04-30T14:22:02+00:00","description":"Entspannen Sie sich bei einer Happy-End-Massage in Barcelona. W\u00e4hlen Sie Ihre Lieblingsmasseurin f\u00fcr das ultimative Erlebnis.","breadcrumb":{"@id":"https:\/\/agenciaescortsbarcelona.com\/de\/happy-end-massage-in-barcelona\/#breadcrumb"},"inLanguage":"de","potentialAction":[{"@type":"ReadAction","target":["https:\/\/agenciaescortsbarcelona.com\/de\/happy-end-massage-in-barcelona\/"]}]},{"@type":"ImageObject","inLanguage":"de","@id":"https:\/\/agenciaescortsbarcelona.com\/de\/happy-end-massage-in-barcelona\/#primaryimage","url":"https:\/\/agenciaescortsbarcelona.com\/wp-content\/uploads\/2024\/12\/brothel-barcelona-1.jpg","contentUrl":"https:\/\/agenciaescortsbarcelona.com\/wp-content\/uploads\/2024\/12\/brothel-barcelona-1.jpg","width":1200,"height":821,"caption":"Masaje con final feliz en Barcelona"},{"@type":"BreadcrumbList","@id":"https:\/\/agenciaescortsbarcelona.com\/de\/happy-end-massage-in-barcelona\/#breadcrumb","itemListElement":[{"@type":"ListItem","position":1,"name":"Inicio","item":"https:\/\/agenciaescortsbarcelona.com\/de\/"},{"@type":"ListItem","position":2,"name":"Happy-End-Massage in Barcelona"}]},{"@type":"WebSite","@id":"https:\/\/agenciaescortsbarcelona.com\/de\/#website","url":"https:\/\/agenciaescortsbarcelona.com\/de\/","name":"Agencia Escorts Barcelona","description":"Escorts de lujo Barcelona","publisher":{"@id":"https:\/\/agenciaescortsbarcelona.com\/de\/#organization"},"alternateName":"Escorts Barcelona","potentialAction":[{"@type":"SearchAction","target":{"@type":"EntryPoint","urlTemplate":"https:\/\/agenciaescortsbarcelona.com\/de\/?s={search_term_string}"},"query-input":{"@type":"PropertyValueSpecification","valueRequired":true,"valueName":"search_term_string"}}],"inLanguage":"de"},{"@type":"Organization","@id":"https:\/\/agenciaescortsbarcelona.com\/de\/#organization","name":"Agencia Escorts Barcelona","alternateName":"AgenciaEscortsBarcelona.com","url":"https:\/\/agenciaescortsbarcelona.com\/de\/","logo":{"@type":"ImageObject","inLanguage":"de","@id":"https:\/\/agenciaescortsbarcelona.com\/de\/#\/schema\/logo\/image\/","url":"https:\/\/agenciaescortsbarcelona.com\/wp-content\/uploads\/2023\/11\/Logotipo-AEB.png","contentUrl":"https:\/\/agenciaescortsbarcelona.com\/wp-content\/uploads\/2023\/11\/Logotipo-AEB.png","width":758,"height":758,"caption":"Agencia Escorts Barcelona"},"image":{"@id":"https:\/\/agenciaescortsbarcelona.com\/de\/#\/schema\/logo\/image\/"}}]}},"_links":{"self":[{"href":"https:\/\/agenciaescortsbarcelona.com\/de\/wp-json\/wp\/v2\/pages\/40881","targetHints":{"allow":["GET"]}}],"collection":[{"href":"https:\/\/agenciaescortsbarcelona.com\/de\/wp-json\/wp\/v2\/pages"}],"about":[{"href":"https:\/\/agenciaescortsbarcelona.com\/de\/wp-json\/wp\/v2\/types\/page"}],"author":[{"embeddable":true,"href":"https:\/\/agenciaescortsbarcelona.com\/de\/wp-json\/wp\/v2\/users\/1"}],"replies":[{"embeddable":true,"href":"https:\/\/agenciaescortsbarcelona.com\/de\/wp-json\/wp\/v2\/comments?post=40881"}],"version-history":[{"count":16,"href":"https:\/\/agenciaescortsbarcelona.com\/de\/wp-json\/wp\/v2\/pages\/40881\/revisions"}],"predecessor-version":[{"id":46663,"href":"https:\/\/agenciaescortsbarcelona.com\/de\/wp-json\/wp\/v2\/pages\/40881\/revisions\/46663"}],"wp:featuredmedia":[{"embeddable":true,"href":"https:\/\/agenciaescortsbarcelona.com\/de\/wp-json\/wp\/v2\/media\/35659"}],"wp:attachment":[{"href":"https:\/\/agenciaescortsbarcelona.com\/de\/wp-json\/wp\/v2\/media?parent=40881"}],"curies":[{"name":"wp","href":"https:\/\/api.w.org\/{rel}","templated":true}]}}