{"id":41106,"date":"2024-12-29T17:18:16","date_gmt":"2024-12-29T17:18:16","guid":{"rendered":"https:\/\/agenciaescortsbarcelona.com\/escorts-plaza-espana\/"},"modified":"2026-04-30T14:18:39","modified_gmt":"2026-04-30T14:18:39","slug":"escorts-plaza-espana","status":"publish","type":"page","link":"https:\/\/agenciaescortsbarcelona.com\/de\/escorts-plaza-espana\/","title":{"rendered":"Escorts Plaza Espa\u00f1a"},"content":{"rendered":"<section class=\"l-section wpb_row height_medium color_primary with_img parallax_ver\"><div class=\"l-section-img\" role=\"img\" aria-label=\"Escorts Barcelona\" data-img-width=\"1200\" data-img-height=\"821\" style=\"background-image: url(https:\/\/agenciaescortsbarcelona.com\/wp-content\/uploads\/2024\/12\/brothel-in-bcn.jpg);background-position: top center;\"><\/div><div class=\"l-section-overlay\" style=\"background:rgba(26,26,26,0.75)\"><\/div><div class=\"l-section-h i-cf\"><div class=\"g-cols vc_row via_grid cols_1 laptops-cols_inherit tablets-cols_inherit mobiles-cols_1 valign_top type_default stacking_default\"><div class=\"wpb_column vc_column_container us_custom_a518f36e us_animate_this\"><div class=\"vc_column-inner\"><div class=\"wpb_text_column\"><div class=\"wpb_wrapper\"><h1 style=\"text-align: center;\"><span style=\"color: #c6a04f;\"><strong>Escorts Plaza Espa\u00f1a<\/strong><\/span><\/h1>\n<p style=\"text-align: center;\">Wenn Sie <strong>in Plaza Espa\u00f1a ein einzigartiges und unvergessliches Escort-Erlebnis<\/strong> suchen, sind wir die richtige <a href=\"https:\/\/agenciaescortsbarcelona.com\/de\/escorts-zu-hause-in-barcelona\/\">Wahl<\/a> f\u00fcr Sie. Mit einer sorgf\u00e4ltigen Auswahl der sch\u00f6nsten und professionellsten Frauen zeichnen wir uns durch erstklassigen Service und absolute Diskretion aus. <\/p>\n<p style=\"text-align: center;\"><strong><em>\u201eDie Escorts, die auf unserer Website erscheinen, sind Menschen, die sich entschieden haben, mit uns zusammenzuarbeiten und Escortdienste f\u00fcr Erwachsene anzubieten.\u201c<\/em><\/strong><\/p>\n<\/div><\/div><div class=\"w-separator size_custom\" style=\"height:50px\" id=\"v51d\"><style><\/style><\/div><div class=\"w-btn-wrapper align_center\"><a class=\"w-btn us-btn-style_1\" target=\"_blank\" rel=\"nofollow\" href=\"#1\"><span class=\"w-btn-label\">Entdecken Sie uns<\/span><\/a><\/div><\/div><\/div><\/div><\/div><\/section><section class=\"l-section wpb_row height_large color_primary\" id=\"1\"><div class=\"l-section-overlay\" style=\"background:linear-gradient(90deg,#333333,#1a1a1a)\"><\/div><div class=\"l-section-h i-cf\"><div class=\"g-cols vc_row via_grid cols_1 laptops-cols_inherit tablets-cols_inherit mobiles-cols_1 valign_top type_default stacking_default\"><div class=\"wpb_column vc_column_container us_custom_a518f36e us_animate_this\"><div class=\"vc_column-inner\"><div class=\"w-grid type_grid layout_361 hidden cols_3 ratio_3x4\" id=\"us_grid_1\" style=\"--columns:3;--gap:0.5rem;--item-ratio:1.33333;\" data-filterable=\"true\"><style>@media (max-width:1024px){#us_grid_1{--columns:2!important}}@media (max-width:600px){#us_grid_1{--columns:1!important}}.layout_361 .w-grid-item-h{background:#333}.layout_361 .usg_post_image_1{transition-duration:0.35s;transform-origin:50% 50%;transform:scale(1) translate(0%,0%)}.layout_361 .w-grid-item-h:focus-within .usg_post_image_1,.layout_361 .w-grid-item-h:hover .usg_post_image_1{transform:scale(1.1) translate(0%,0%);opacity:0.1}.layout_361 .usg_post_image_1{position:absolute!important;left:0!important;top:0!important;bottom:0!important;right:0!important}.layout_361 .usg_vwrapper_1{position:absolute!important;right:0!important;bottom:0!important;left:0!important;background:linear-gradient(transparent,rgba(30,30,30,0.8))!important;padding:4rem 2rem 1.5rem 2rem!important}.layout_361 .usg_post_title_1{color:#fff!important;font-size:1.2rem!important}<\/style><div class=\"w-grid-list\"><\/div><div class=\"w-grid-preloader\">\t<div class=\"g-preloader type_1\">\r\n\t\t<div><\/div>\r\n\t<\/div>\r\n\t<\/div>\t<div class=\"w-grid-json hidden\" onclick='return {&quot;action&quot;:&quot;us_ajax_grid&quot;,&quot;infinite_scroll&quot;:0,&quot;max_num_pages&quot;:0,&quot;pagination&quot;:&quot;none&quot;,&quot;template_vars&quot;:{&quot;columns&quot;:&quot;3&quot;,&quot;exclude_items&quot;:&quot;none&quot;,&quot;img_size&quot;:&quot;default&quot;,&quot;ignore_items_size&quot;:0,&quot;items_layout&quot;:&quot;361&quot;,&quot;items_offset&quot;:&quot;1&quot;,&quot;load_animation&quot;:&quot;none&quot;,&quot;overriding_link&quot;:&quot;%7B%22type%22%3A%22post%22%7D&quot;,&quot;post_id&quot;:0,&quot;query_args&quot;:{&quot;post_type&quot;:[&quot;us_portfolio&quot;],&quot;tax_query&quot;:[{&quot;taxonomy&quot;:&quot;us_portfolio_category&quot;,&quot;field&quot;:&quot;slug&quot;,&quot;terms&quot;:[&quot;M\\u00e4dchen&quot;]}],&quot;post_status&quot;:[&quot;publish&quot;],&quot;posts_per_page&quot;:&quot;1000&quot;},&quot;orderby_query_args&quot;:{&quot;orderby&quot;:&quot;RAND(121830745)&quot;},&quot;type&quot;:&quot;grid&quot;,&quot;us_grid_post_type&quot;:&quot;us_portfolio&quot;,&quot;us_grid_ajax_index&quot;:1,&quot;us_grid_filter_query_string&quot;:null,&quot;us_grid_index&quot;:1,&quot;page_args&quot;:[],&quot;lang&quot;:&quot;de&quot;}}'><\/div>\r\n\t<\/div><div class=\"w-grid-none type_message\">Es wurden keine Ergebnisse gefunden.<\/div><div class=\"w-separator size_custom\" style=\"height:50px\" id=\"e59f\"><style><\/style><\/div><div class=\"wpb_text_column\"><div class=\"wpb_wrapper\"><h2 style=\"text-align: left;\"><span style=\"color: #c6a04f;\"><strong>Luxus-Escort-Agentur in Plaza Espa\u00f1a<\/strong><\/span><\/h2>\n<p style=\"text-align: left;\">Wir sind eine <strong>Luxus-Escortagentur an der Plaza Espa\u00f1a<\/strong> . Unser Ziel ist es, unseren Kunden einzigartige und exklusive Erlebnisse mit den sorgf\u00e4ltig ausgew\u00e4hlten und professionellen Begleiterinnen der Stadt zu bieten. Wir legen Wert auf einen hochwertigen, diskreten und individuellen Service. Wir wissen, dass jeder Kunde unterschiedliche Vorlieben hat und w\u00e4hlen unsere Escorts daher mit gr\u00f6\u00dfter Sorgfalt aus. Sie sind nicht nur sch\u00f6n und elegant, sondern auch intelligent, charmant und aufmerksam. Vertrauen Sie uns \u2013 Sie werden ein unvergessliches Erlebnis haben. Dank unserer strengen Datenschutzrichtlinien garantieren wir Ihnen absolute Diskretion. Ihr sch\u00f6nstes Date ist nur einen Schritt entfernt.     <\/p>\n<p>Wenn Sie auch daran interessiert sind, Profile in anderen internationalen Destinationen zu erkunden, k\u00f6nnen Sie auch Optionen wie <a href=\"https:\/\/escort-massages.com\/escorts-oslo\/\" target=\"_blank\" rel=\"noopener\">Escorts in Oslo<\/a> finden, mit unterschiedlichen Stilen und Erfahrungen je nach Stadt.<\/p>\n<\/div><\/div><\/div><\/div><\/div><\/div><\/section><section class=\"l-section wpb_row height_auto width_full\"><div class=\"l-section-h i-cf\"><div class=\"g-cols vc_row via_grid cols_2-1 laptops-cols_3-2 tablets-cols_2 mobiles-cols_1 valign_middle type_default reversed\" style=\"--columns-gap:0rem;\"><div class=\"wpb_column vc_column_container us_custom_d5ae0e7b has_bg_color\"><div class=\"vc_column-inner\"><\/div><\/div><div class=\"wpb_column vc_column_container us_custom_14191e41\"><div class=\"vc_column-inner\"><div class=\"wpb_text_column\"><div class=\"wpb_wrapper\"><h2><span style=\"color: #c6a04f;\"><strong>Ihr perfektes Date mit einer Escortdame auf der Plaza Espa\u00f1a<\/strong><\/span><\/h2>\n<p>Ob Sie ein romantisches Date, einen sch\u00f6nen Abend oder einfach nur Zeit zu zweit suchen \u2013 unsere Escorts sind f\u00fcr Sie da. Unsere Agentur bietet eine breite Palette an Dienstleistungen, darunter GFE (Girlfriend Experience), Rollenspiele, BDSM und vieles mehr. Was auch immer Sie sich w\u00fcnschen, unsere Begleiterinnen sorgen daf\u00fcr, dass Ihre Tr\u00e4ume wahr werden. F\u00fcr ein individuelleres Erlebnis teilen Sie uns einfach Ihre Vorlieben, Interessen oder Hobbys mit, und wir k\u00fcmmern uns um alles \u2013 von der Suche nach der perfekten Begleitung bis hin zur Organisation Ihres Traumdates, damit Sie diesen unvergesslichen Moment genie\u00dfen k\u00f6nnen.<\/p>\n<\/div><\/div><div class=\"w-separator size_medium\"><\/div><div class=\"w-btn-wrapper align_none\"><a class=\"w-btn us-btn-style_1 us_custom_f73f4019 icon_atleft\" href=\"https:\/\/agenciaescortsbarcelona.com\/de\/kontakt\/\"><i class=\"fas fa-heart\"><\/i><span class=\"w-btn-label\">Kontakt<\/span><\/a><\/div><\/div><\/div><\/div><\/div><\/section><section class=\"l-section wpb_row height_auto\"><div class=\"l-section-overlay\" style=\"background:linear-gradient(300deg,#c6a04f,#7d580e)\"><\/div><div class=\"l-section-h i-cf\"><div class=\"g-cols vc_row via_grid cols_1 laptops-cols_inherit tablets-cols_inherit mobiles-cols_1 valign_top type_default stacking_default\" style=\"--columns-gap:53px;\"><div class=\"wpb_column vc_column_container\"><div class=\"vc_column-inner\"><\/div><\/div><\/div><\/div><\/section>\n","protected":false},"excerpt":{"rendered":"Escorts Plaza Espa\u00f1a Wenn Sie in Plaza Espa\u00f1a ein einzigartiges und unvergessliches Escort-Erlebnis suchen, sind wir die richtige Wahl f\u00fcr Sie. Mit einer sorgf\u00e4ltigen Auswahl der sch\u00f6nsten und professionellsten Frauen zeichnen wir uns durch erstklassigen Service und absolute Diskretion aus. \u201eDie Escorts, die auf unserer Website erscheinen, sind Menschen, die sich entschieden haben, mit uns&hellip; <a class=\"continue\" href=\"https:\/\/agenciaescortsbarcelona.com\/de\/escorts-plaza-espana\/\">Continue Reading<span> Escorts Plaza Espa\u00f1a<\/span><\/a>","protected":false},"author":1,"featured_media":35727,"parent":0,"menu_order":0,"comment_status":"closed","ping_status":"closed","template":"","meta":{"footnotes":""},"class_list":["post-41106","page","type-page","status-publish","has-post-thumbnail","hentry"],"yoast_head":"<!-- This site is optimized with the Yoast SEO plugin v27.5 - https:\/\/yoast.com\/product\/yoast-seo-wordpress\/ -->\n<title>Escortservice Plaza Espa\u00f1a | 24 Stunden am Tag verf\u00fcgbar<\/title>\n<meta name=\"description\" content=\"Entdecken Sie unsere Escortagentur an der Plaza Espa\u00f1a. Genie\u00dfen Sie die beste Begleitung f\u00fcr Erwachsene in der Stadt.\" \/>\n<meta name=\"robots\" content=\"index, follow, max-snippet:-1, max-image-preview:large, max-video-preview:-1\" \/>\n<link rel=\"canonical\" href=\"https:\/\/agenciaescortsbarcelona.com\/de\/escorts-plaza-espana\/\" \/>\n<meta property=\"og:locale\" content=\"de_DE\" \/>\n<meta property=\"og:type\" content=\"article\" \/>\n<meta property=\"og:title\" content=\"Escortservice Plaza Espa\u00f1a | 24 Stunden am Tag verf\u00fcgbar\" \/>\n<meta property=\"og:description\" content=\"Entdecken Sie unsere Escortagentur an der Plaza Espa\u00f1a. Genie\u00dfen Sie die beste Begleitung f\u00fcr Erwachsene in der Stadt.\" \/>\n<meta property=\"og:url\" content=\"https:\/\/agenciaescortsbarcelona.com\/de\/escorts-plaza-espana\/\" \/>\n<meta property=\"og:site_name\" content=\"Agencia Escorts Barcelona\" \/>\n<meta property=\"article:modified_time\" content=\"2026-04-30T14:18:39+00:00\" \/>\n<meta property=\"og:image\" content=\"https:\/\/agenciaescortsbarcelona.com\/wp-content\/uploads\/2024\/12\/brothel-bcn-3.jpg\" \/>\n\t<meta property=\"og:image:width\" content=\"1200\" \/>\n\t<meta property=\"og:image:height\" content=\"821\" \/>\n\t<meta property=\"og:image:type\" content=\"image\/jpeg\" \/>\n<meta name=\"twitter:card\" content=\"summary_large_image\" \/>\n<meta name=\"twitter:label1\" content=\"Gesch\u00e4tzte Lesezeit\" \/>\n\t<meta name=\"twitter:data1\" content=\"3\u00a0Minuten\" \/>\n<script type=\"application\/ld+json\" class=\"yoast-schema-graph\">{\"@context\":\"https:\\\/\\\/schema.org\",\"@graph\":[{\"@type\":\"WebPage\",\"@id\":\"https:\\\/\\\/agenciaescortsbarcelona.com\\\/de\\\/escorts-plaza-espana\\\/\",\"url\":\"https:\\\/\\\/agenciaescortsbarcelona.com\\\/de\\\/escorts-plaza-espana\\\/\",\"name\":\"Escortservice Plaza Espa\u00f1a | 24 Stunden am Tag verf\u00fcgbar\",\"isPartOf\":{\"@id\":\"https:\\\/\\\/agenciaescortsbarcelona.com\\\/de\\\/#website\"},\"primaryImageOfPage\":{\"@id\":\"https:\\\/\\\/agenciaescortsbarcelona.com\\\/de\\\/escorts-plaza-espana\\\/#primaryimage\"},\"image\":{\"@id\":\"https:\\\/\\\/agenciaescortsbarcelona.com\\\/de\\\/escorts-plaza-espana\\\/#primaryimage\"},\"thumbnailUrl\":\"https:\\\/\\\/agenciaescortsbarcelona.com\\\/wp-content\\\/uploads\\\/2024\\\/12\\\/brothel-bcn-3.jpg\",\"datePublished\":\"2024-12-29T17:18:16+00:00\",\"dateModified\":\"2026-04-30T14:18:39+00:00\",\"description\":\"Entdecken Sie unsere Escortagentur an der Plaza Espa\u00f1a. Genie\u00dfen Sie die beste Begleitung f\u00fcr Erwachsene in der Stadt.\",\"breadcrumb\":{\"@id\":\"https:\\\/\\\/agenciaescortsbarcelona.com\\\/de\\\/escorts-plaza-espana\\\/#breadcrumb\"},\"inLanguage\":\"de\",\"potentialAction\":[{\"@type\":\"ReadAction\",\"target\":[\"https:\\\/\\\/agenciaescortsbarcelona.com\\\/de\\\/escorts-plaza-espana\\\/\"]}]},{\"@type\":\"ImageObject\",\"inLanguage\":\"de\",\"@id\":\"https:\\\/\\\/agenciaescortsbarcelona.com\\\/de\\\/escorts-plaza-espana\\\/#primaryimage\",\"url\":\"https:\\\/\\\/agenciaescortsbarcelona.com\\\/wp-content\\\/uploads\\\/2024\\\/12\\\/brothel-bcn-3.jpg\",\"contentUrl\":\"https:\\\/\\\/agenciaescortsbarcelona.com\\\/wp-content\\\/uploads\\\/2024\\\/12\\\/brothel-bcn-3.jpg\",\"width\":1200,\"height\":821,\"caption\":\"Escorts Plaza Espa\u00f1a\"},{\"@type\":\"BreadcrumbList\",\"@id\":\"https:\\\/\\\/agenciaescortsbarcelona.com\\\/de\\\/escorts-plaza-espana\\\/#breadcrumb\",\"itemListElement\":[{\"@type\":\"ListItem\",\"position\":1,\"name\":\"Inicio\",\"item\":\"https:\\\/\\\/agenciaescortsbarcelona.com\\\/de\\\/\"},{\"@type\":\"ListItem\",\"position\":2,\"name\":\"Escorts Plaza Espa\u00f1a\"}]},{\"@type\":\"WebSite\",\"@id\":\"https:\\\/\\\/agenciaescortsbarcelona.com\\\/de\\\/#website\",\"url\":\"https:\\\/\\\/agenciaescortsbarcelona.com\\\/de\\\/\",\"name\":\"Agencia Escorts Barcelona\",\"description\":\"Escorts de lujo Barcelona\",\"publisher\":{\"@id\":\"https:\\\/\\\/agenciaescortsbarcelona.com\\\/de\\\/#organization\"},\"alternateName\":\"Escorts Barcelona\",\"potentialAction\":[{\"@type\":\"SearchAction\",\"target\":{\"@type\":\"EntryPoint\",\"urlTemplate\":\"https:\\\/\\\/agenciaescortsbarcelona.com\\\/de\\\/?s={search_term_string}\"},\"query-input\":{\"@type\":\"PropertyValueSpecification\",\"valueRequired\":true,\"valueName\":\"search_term_string\"}}],\"inLanguage\":\"de\"},{\"@type\":\"Organization\",\"@id\":\"https:\\\/\\\/agenciaescortsbarcelona.com\\\/de\\\/#organization\",\"name\":\"Agencia Escorts Barcelona\",\"alternateName\":\"AgenciaEscortsBarcelona.com\",\"url\":\"https:\\\/\\\/agenciaescortsbarcelona.com\\\/de\\\/\",\"logo\":{\"@type\":\"ImageObject\",\"inLanguage\":\"de\",\"@id\":\"https:\\\/\\\/agenciaescortsbarcelona.com\\\/de\\\/#\\\/schema\\\/logo\\\/image\\\/\",\"url\":\"https:\\\/\\\/agenciaescortsbarcelona.com\\\/wp-content\\\/uploads\\\/2023\\\/11\\\/Logotipo-AEB.png\",\"contentUrl\":\"https:\\\/\\\/agenciaescortsbarcelona.com\\\/wp-content\\\/uploads\\\/2023\\\/11\\\/Logotipo-AEB.png\",\"width\":758,\"height\":758,\"caption\":\"Agencia Escorts Barcelona\"},\"image\":{\"@id\":\"https:\\\/\\\/agenciaescortsbarcelona.com\\\/de\\\/#\\\/schema\\\/logo\\\/image\\\/\"}}]}<\/script>\n<!-- \/ Yoast SEO plugin. -->","yoast_head_json":{"title":"Escortservice Plaza Espa\u00f1a | 24 Stunden am Tag verf\u00fcgbar","description":"Entdecken Sie unsere Escortagentur an der Plaza Espa\u00f1a. Genie\u00dfen Sie die beste Begleitung f\u00fcr Erwachsene in der Stadt.","robots":{"index":"index","follow":"follow","max-snippet":"max-snippet:-1","max-image-preview":"max-image-preview:large","max-video-preview":"max-video-preview:-1"},"canonical":"https:\/\/agenciaescortsbarcelona.com\/de\/escorts-plaza-espana\/","og_locale":"de_DE","og_type":"article","og_title":"Escortservice Plaza Espa\u00f1a | 24 Stunden am Tag verf\u00fcgbar","og_description":"Entdecken Sie unsere Escortagentur an der Plaza Espa\u00f1a. Genie\u00dfen Sie die beste Begleitung f\u00fcr Erwachsene in der Stadt.","og_url":"https:\/\/agenciaescortsbarcelona.com\/de\/escorts-plaza-espana\/","og_site_name":"Agencia Escorts Barcelona","article_modified_time":"2026-04-30T14:18:39+00:00","og_image":[{"width":1200,"height":821,"url":"https:\/\/agenciaescortsbarcelona.com\/wp-content\/uploads\/2024\/12\/brothel-bcn-3.jpg","type":"image\/jpeg"}],"twitter_card":"summary_large_image","twitter_misc":{"Gesch\u00e4tzte Lesezeit":"3\u00a0Minuten"},"schema":{"@context":"https:\/\/schema.org","@graph":[{"@type":"WebPage","@id":"https:\/\/agenciaescortsbarcelona.com\/de\/escorts-plaza-espana\/","url":"https:\/\/agenciaescortsbarcelona.com\/de\/escorts-plaza-espana\/","name":"Escortservice Plaza Espa\u00f1a | 24 Stunden am Tag verf\u00fcgbar","isPartOf":{"@id":"https:\/\/agenciaescortsbarcelona.com\/de\/#website"},"primaryImageOfPage":{"@id":"https:\/\/agenciaescortsbarcelona.com\/de\/escorts-plaza-espana\/#primaryimage"},"image":{"@id":"https:\/\/agenciaescortsbarcelona.com\/de\/escorts-plaza-espana\/#primaryimage"},"thumbnailUrl":"https:\/\/agenciaescortsbarcelona.com\/wp-content\/uploads\/2024\/12\/brothel-bcn-3.jpg","datePublished":"2024-12-29T17:18:16+00:00","dateModified":"2026-04-30T14:18:39+00:00","description":"Entdecken Sie unsere Escortagentur an der Plaza Espa\u00f1a. Genie\u00dfen Sie die beste Begleitung f\u00fcr Erwachsene in der Stadt.","breadcrumb":{"@id":"https:\/\/agenciaescortsbarcelona.com\/de\/escorts-plaza-espana\/#breadcrumb"},"inLanguage":"de","potentialAction":[{"@type":"ReadAction","target":["https:\/\/agenciaescortsbarcelona.com\/de\/escorts-plaza-espana\/"]}]},{"@type":"ImageObject","inLanguage":"de","@id":"https:\/\/agenciaescortsbarcelona.com\/de\/escorts-plaza-espana\/#primaryimage","url":"https:\/\/agenciaescortsbarcelona.com\/wp-content\/uploads\/2024\/12\/brothel-bcn-3.jpg","contentUrl":"https:\/\/agenciaescortsbarcelona.com\/wp-content\/uploads\/2024\/12\/brothel-bcn-3.jpg","width":1200,"height":821,"caption":"Escorts Plaza Espa\u00f1a"},{"@type":"BreadcrumbList","@id":"https:\/\/agenciaescortsbarcelona.com\/de\/escorts-plaza-espana\/#breadcrumb","itemListElement":[{"@type":"ListItem","position":1,"name":"Inicio","item":"https:\/\/agenciaescortsbarcelona.com\/de\/"},{"@type":"ListItem","position":2,"name":"Escorts Plaza Espa\u00f1a"}]},{"@type":"WebSite","@id":"https:\/\/agenciaescortsbarcelona.com\/de\/#website","url":"https:\/\/agenciaescortsbarcelona.com\/de\/","name":"Agencia Escorts Barcelona","description":"Escorts de lujo Barcelona","publisher":{"@id":"https:\/\/agenciaescortsbarcelona.com\/de\/#organization"},"alternateName":"Escorts Barcelona","potentialAction":[{"@type":"SearchAction","target":{"@type":"EntryPoint","urlTemplate":"https:\/\/agenciaescortsbarcelona.com\/de\/?s={search_term_string}"},"query-input":{"@type":"PropertyValueSpecification","valueRequired":true,"valueName":"search_term_string"}}],"inLanguage":"de"},{"@type":"Organization","@id":"https:\/\/agenciaescortsbarcelona.com\/de\/#organization","name":"Agencia Escorts Barcelona","alternateName":"AgenciaEscortsBarcelona.com","url":"https:\/\/agenciaescortsbarcelona.com\/de\/","logo":{"@type":"ImageObject","inLanguage":"de","@id":"https:\/\/agenciaescortsbarcelona.com\/de\/#\/schema\/logo\/image\/","url":"https:\/\/agenciaescortsbarcelona.com\/wp-content\/uploads\/2023\/11\/Logotipo-AEB.png","contentUrl":"https:\/\/agenciaescortsbarcelona.com\/wp-content\/uploads\/2023\/11\/Logotipo-AEB.png","width":758,"height":758,"caption":"Agencia Escorts Barcelona"},"image":{"@id":"https:\/\/agenciaescortsbarcelona.com\/de\/#\/schema\/logo\/image\/"}}]}},"_links":{"self":[{"href":"https:\/\/agenciaescortsbarcelona.com\/de\/wp-json\/wp\/v2\/pages\/41106","targetHints":{"allow":["GET"]}}],"collection":[{"href":"https:\/\/agenciaescortsbarcelona.com\/de\/wp-json\/wp\/v2\/pages"}],"about":[{"href":"https:\/\/agenciaescortsbarcelona.com\/de\/wp-json\/wp\/v2\/types\/page"}],"author":[{"embeddable":true,"href":"https:\/\/agenciaescortsbarcelona.com\/de\/wp-json\/wp\/v2\/users\/1"}],"replies":[{"embeddable":true,"href":"https:\/\/agenciaescortsbarcelona.com\/de\/wp-json\/wp\/v2\/comments?post=41106"}],"version-history":[{"count":15,"href":"https:\/\/agenciaescortsbarcelona.com\/de\/wp-json\/wp\/v2\/pages\/41106\/revisions"}],"predecessor-version":[{"id":46644,"href":"https:\/\/agenciaescortsbarcelona.com\/de\/wp-json\/wp\/v2\/pages\/41106\/revisions\/46644"}],"wp:featuredmedia":[{"embeddable":true,"href":"https:\/\/agenciaescortsbarcelona.com\/de\/wp-json\/wp\/v2\/media\/35727"}],"wp:attachment":[{"href":"https:\/\/agenciaescortsbarcelona.com\/de\/wp-json\/wp\/v2\/media?parent=41106"}],"curies":[{"name":"wp","href":"https:\/\/api.w.org\/{rel}","templated":true}]}}